{"id":918,"date":"2018-01-07T17:32:08","date_gmt":"2018-01-07T19:32:08","guid":{"rendered":"http:\/\/sjcbancarios.com.br\/site\/video-gallery\/"},"modified":"2018-03-06T17:38:40","modified_gmt":"2018-03-06T20:38:40","slug":"eventos-galeria-de-videos","status":"publish","type":"page","link":"https:\/\/sjcbancarios.com.br\/site\/eventos-galeria-de-videos\/","title":{"rendered":"Galeria de V\u00eddeos"},"content":{"rendered":"\n\t\t\t<div id=\"image_gallery_914\" class=\"row all-images\">\n\t\t\t\t\t\t\t\t<div\n\t\t\t\t\t\tclass=\"single-image col-lg-3 col-md-4 col-sm-6 col-xs-6\">\n\t\t\t\t\t\t<figure>\n\t\t\t\t\t\t\t<div class=\"video-gal-icon\">\n\t\t\t\t\t\t\t\t<img class=\"img-thumbnail vid-914\"\n\t\t\t\t\t\t\t\t\tsrc=\"https:\/\/img.youtube.com\/vi\/N5pyHSilMR0\/hqdefault.jpg\" alt=\"\"\n\t\t\t\t\t\t\t\t\tdata-video-id=\"y-N5pyHSilMR0\">\n\t\t\t\t\t\t\t\t\t\t\t\t\t\t\t\t\t<i class=\"video_icon_914\">\n\t\t\t\t\t\t\t\t\t\t<img decoding=\"async\" src=\"https:\/\/sjcbancarios.com.br\/site\/wp-content\/plugins\/new-video-gallery\/assets\/img\/p-youtube.png\">\n\t\t\t\t\t\t\t\t\t<\/i>\n\t\t\t\t\t\t\t\t\t\t\t\t\t\t\t<\/div>\n\t\t\t\t\t\t\t<div>\n\t\t\t\t\t\t\t\t\t\t\t\t\t\t\t\t\t\t\t\t\t\t\t\t\t<div class=\"vg-desc\">\n\t\t\t\t\t\t\t\t\t\tPalestra com Rogerio - Sindicato dos Bancarios SJC\t\t\t\t\t\t\t\t\t<\/div>\n\t\t\t\t\t\t\t\t\t\t\t\t\t\t\t<\/div>\n\t\t\t\t\t\t<\/figure>\n\t\t\t\t\t<\/div>\n\t\t\t\t\t\t\t\t\t\t<div\n\t\t\t\t\t\tclass=\"single-image col-lg-3 col-md-4 col-sm-6 col-xs-6\">\n\t\t\t\t\t\t<figure>\n\t\t\t\t\t\t\t<div class=\"video-gal-icon\">\n\t\t\t\t\t\t\t\t<img class=\"img-thumbnail vid-914\"\n\t\t\t\t\t\t\t\t\tsrc=\"https:\/\/img.youtube.com\/vi\/yHR_-0yVn2Q\/hqdefault.jpg\" alt=\"\"\n\t\t\t\t\t\t\t\t\tdata-video-id=\"y-yHR_-0yVn2Q\">\n\t\t\t\t\t\t\t\t\t\t\t\t\t\t\t\t\t<i class=\"video_icon_914\">\n\t\t\t\t\t\t\t\t\t\t<img decoding=\"async\" src=\"https:\/\/sjcbancarios.com.br\/site\/wp-content\/plugins\/new-video-gallery\/assets\/img\/p-youtube.png\">\n\t\t\t\t\t\t\t\t\t<\/i>\n\t\t\t\t\t\t\t\t\t\t\t\t\t\t\t<\/div>\n\t\t\t\t\t\t\t<div>\n\t\t\t\t\t\t\t\t\t\t\t\t\t\t\t\t\t\t\t\t\t\t\t\t\t<div class=\"vg-desc\">\n\t\t\t\t\t\t\t\t\t\t28\/04 o Brasil vai parar! Greve Geral aprovada pelo f\u00f3rum de lutas da regi\u00e3o, em 12\/04\/17.\t\t\t\t\t\t\t\t\t<\/div>\n\t\t\t\t\t\t\t\t\t\t\t\t\t\t\t<\/div>\n\t\t\t\t\t\t<\/figure>\n\t\t\t\t\t<\/div>\n\t\t\t\t\t\t\t\t\t\t<div\n\t\t\t\t\t\tclass=\"single-image col-lg-3 col-md-4 col-sm-6 col-xs-6\">\n\t\t\t\t\t\t<figure>\n\t\t\t\t\t\t\t<div class=\"video-gal-icon\">\n\t\t\t\t\t\t\t\t<img class=\"img-thumbnail vid-914\"\n\t\t\t\t\t\t\t\t\tsrc=\"https:\/\/img.youtube.com\/vi\/SyGdkuF9AOc\/hqdefault.jpg\" alt=\"\"\n\t\t\t\t\t\t\t\t\tdata-video-id=\"y-SyGdkuF9AOc\">\n\t\t\t\t\t\t\t\t\t\t\t\t\t\t\t\t\t<i class=\"video_icon_914\">\n\t\t\t\t\t\t\t\t\t\t<img decoding=\"async\" src=\"https:\/\/sjcbancarios.com.br\/site\/wp-content\/plugins\/new-video-gallery\/assets\/img\/p-youtube.png\">\n\t\t\t\t\t\t\t\t\t<\/i>\n\t\t\t\t\t\t\t\t\t\t\t\t\t\t\t<\/div>\n\t\t\t\t\t\t\t<div>\n\t\t\t\t\t\t\t\t\t\t\t\t\t\t\t\t\t\t\t\t\t\t\t\t\t<div class=\"vg-desc\">\n\t\t\t\t\t\t\t\t\t\tFesta dos Banc\u00e1rios 2016 - Clube de Campos dos Banc\u00e1rios\t\t\t\t\t\t\t\t\t<\/div>\n\t\t\t\t\t\t\t\t\t\t\t\t\t\t\t<\/div>\n\t\t\t\t\t\t<\/figure>\n\t\t\t\t\t<\/div>\n\t\t\t\t\t\t\t\t\t\t<div\n\t\t\t\t\t\tclass=\"single-image col-lg-3 col-md-4 col-sm-6 col-xs-6\">\n\t\t\t\t\t\t<figure>\n\t\t\t\t\t\t\t<div class=\"video-gal-icon\">\n\t\t\t\t\t\t\t\t<img class=\"img-thumbnail vid-914\"\n\t\t\t\t\t\t\t\t\tsrc=\"https:\/\/img.youtube.com\/vi\/3eFRdwBFXj0\/hqdefault.jpg\" alt=\"\"\n\t\t\t\t\t\t\t\t\tdata-video-id=\"y-3eFRdwBFXj0\">\n\t\t\t\t\t\t\t\t\t\t\t\t\t\t\t\t\t<i class=\"video_icon_914\">\n\t\t\t\t\t\t\t\t\t\t<img decoding=\"async\" src=\"https:\/\/sjcbancarios.com.br\/site\/wp-content\/plugins\/new-video-gallery\/assets\/img\/p-youtube.png\">\n\t\t\t\t\t\t\t\t\t<\/i>\n\t\t\t\t\t\t\t\t\t\t\t\t\t\t\t<\/div>\n\t\t\t\t\t\t\t<div>\n\t\t\t\t\t\t\t\t\t\t\t\t\t\t\t\t\t\t\t\t\t\t\t\t\t<div class=\"vg-desc\">\n\t\t\t\t\t\t\t\t\t\tCampanha Salarial 2016 - Sindicato dos Banc\u00e1rios de SJCampos e Regi\u00e3o.\t\t\t\t\t\t\t\t\t<\/div>\n\t\t\t\t\t\t\t\t\t\t\t\t\t\t\t<\/div>\n\t\t\t\t\t\t<\/figure>\n\t\t\t\t\t<\/div>\n\t\t\t\t\t\t\t\t\t\t<div\n\t\t\t\t\t\tclass=\"single-image col-lg-3 col-md-4 col-sm-6 col-xs-6\">\n\t\t\t\t\t\t<figure>\n\t\t\t\t\t\t\t<div class=\"video-gal-icon\">\n\t\t\t\t\t\t\t\t<img class=\"img-thumbnail vid-914\"\n\t\t\t\t\t\t\t\t\tsrc=\"https:\/\/img.youtube.com\/vi\/mHnq3clI748\/hqdefault.jpg\" alt=\"\"\n\t\t\t\t\t\t\t\t\tdata-video-id=\"y-mHnq3clI748\">\n\t\t\t\t\t\t\t\t\t\t\t\t\t\t\t\t\t<i class=\"video_icon_914\">\n\t\t\t\t\t\t\t\t\t\t<img decoding=\"async\" src=\"https:\/\/sjcbancarios.com.br\/site\/wp-content\/plugins\/new-video-gallery\/assets\/img\/p-youtube.png\">\n\t\t\t\t\t\t\t\t\t<\/i>\n\t\t\t\t\t\t\t\t\t\t\t\t\t\t\t<\/div>\n\t\t\t\t\t\t\t<div>\n\t\t\t\t\t\t\t\t\t\t\t\t\t\t\t\t\t\t\t\t\t\t\t\t\t<div class=\"vg-desc\">\n\t\t\t\t\t\t\t\t\t\tCurta sobre Sindicato - Grupo discute sobre a atua\u00e7\u00e3o do Sindicato e suas conquistas.\t\t\t\t\t\t\t\t\t<\/div>\n\t\t\t\t\t\t\t\t\t\t\t\t\t\t\t<\/div>\n\t\t\t\t\t\t<\/figure>\n\t\t\t\t\t<\/div>\n\t\t\t\t\t\t\t\t\t\t<div\n\t\t\t\t\t\tclass=\"single-image col-lg-3 col-md-4 col-sm-6 col-xs-6\">\n\t\t\t\t\t\t<figure>\n\t\t\t\t\t\t\t<div class=\"video-gal-icon\">\n\t\t\t\t\t\t\t\t<img class=\"img-thumbnail vid-914\"\n\t\t\t\t\t\t\t\t\tsrc=\"https:\/\/img.youtube.com\/vi\/qc4tI5N1LJs\/hqdefault.jpg\" alt=\"\"\n\t\t\t\t\t\t\t\t\tdata-video-id=\"y-qc4tI5N1LJs\">\n\t\t\t\t\t\t\t\t\t\t\t\t\t\t\t\t\t<i class=\"video_icon_914\">\n\t\t\t\t\t\t\t\t\t\t<img decoding=\"async\" src=\"https:\/\/sjcbancarios.com.br\/site\/wp-content\/plugins\/new-video-gallery\/assets\/img\/p-youtube.png\">\n\t\t\t\t\t\t\t\t\t<\/i>\n\t\t\t\t\t\t\t\t\t\t\t\t\t\t\t<\/div>\n\t\t\t\t\t\t\t<div>\n\t\t\t\t\t\t\t\t\t\t\t\t\t\t\t\t\t\t\t\t\t\t\t\t\t<div class=\"vg-desc\">\n\t\t\t\t\t\t\t\t\t\tBanc\u00e1rio Solid\u00e1rio 2015 Entrega CECOI - Jardim Souto 10\/12\/2015\t\t\t\t\t\t\t\t\t<\/div>\n\t\t\t\t\t\t\t\t\t\t\t\t\t\t\t<\/div>\n\t\t\t\t\t\t<\/figure>\n\t\t\t\t\t<\/div>\n\t\t\t\t\t\t\t\t\t\t<div\n\t\t\t\t\t\tclass=\"single-image col-lg-3 col-md-4 col-sm-6 col-xs-6\">\n\t\t\t\t\t\t<figure>\n\t\t\t\t\t\t\t<div class=\"video-gal-icon\">\n\t\t\t\t\t\t\t\t<img class=\"img-thumbnail vid-914\"\n\t\t\t\t\t\t\t\t\tsrc=\"https:\/\/img.youtube.com\/vi\/Jyq0-5_UBZE\/hqdefault.jpg\" alt=\"\"\n\t\t\t\t\t\t\t\t\tdata-video-id=\"y-Jyq0-5_UBZE\">\n\t\t\t\t\t\t\t\t\t\t\t\t\t\t\t\t\t<i class=\"video_icon_914\">\n\t\t\t\t\t\t\t\t\t\t<img decoding=\"async\" src=\"https:\/\/sjcbancarios.com.br\/site\/wp-content\/plugins\/new-video-gallery\/assets\/img\/p-youtube.png\">\n\t\t\t\t\t\t\t\t\t<\/i>\n\t\t\t\t\t\t\t\t\t\t\t\t\t\t\t<\/div>\n\t\t\t\t\t\t\t<div>\n\t\t\t\t\t\t\t\t\t\t\t\t\t\t\t\t\t\t\t\t\t\t\t\t\t<div class=\"vg-desc\">\n\t\t\t\t\t\t\t\t\t\tV\u00eddeo Posse Diretoria Sindicato dos Banc\u00e1rios de SJC e Regi\u00e3o - Fev\/2012\t\t\t\t\t\t\t\t\t<\/div>\n\t\t\t\t\t\t\t\t\t\t\t\t\t\t\t<\/div>\n\t\t\t\t\t\t<\/figure>\n\t\t\t\t\t<\/div>\n\t\t\t\t\t\t\t\t\t\t<div\n\t\t\t\t\t\tclass=\"single-image col-lg-3 col-md-4 col-sm-6 col-xs-6\">\n\t\t\t\t\t\t<figure>\n\t\t\t\t\t\t\t<div class=\"video-gal-icon\">\n\t\t\t\t\t\t\t\t<img class=\"img-thumbnail vid-914\"\n\t\t\t\t\t\t\t\t\tsrc=\"https:\/\/img.youtube.com\/vi\/KAsUiVe8BBA\/hqdefault.jpg\" alt=\"\"\n\t\t\t\t\t\t\t\t\tdata-video-id=\"y-KAsUiVe8BBA\">\n\t\t\t\t\t\t\t\t\t\t\t\t\t\t\t\t\t<i class=\"video_icon_914\">\n\t\t\t\t\t\t\t\t\t\t<img decoding=\"async\" src=\"https:\/\/sjcbancarios.com.br\/site\/wp-content\/plugins\/new-video-gallery\/assets\/img\/p-youtube.png\">\n\t\t\t\t\t\t\t\t\t<\/i>\n\t\t\t\t\t\t\t\t\t\t\t\t\t\t\t<\/div>\n\t\t\t\t\t\t\t<div>\n\t\t\t\t\t\t\t\t\t\t\t\t\t\t\t\t\t\t\t\t\t\t\t\t\t<div class=\"vg-desc\">\n\t\t\t\t\t\t\t\t\t\tPosse da Diretoria do Sindicato dos Banc\u00e1rios de SJC e Regi\u00e3o - Fev\/2012\t\t\t\t\t\t\t\t\t<\/div>\n\t\t\t\t\t\t\t\t\t\t\t\t\t\t\t<\/div>\n\t\t\t\t\t\t<\/figure>\n\t\t\t\t\t<\/div>\n\t\t\t\t\t\t\t\t\t\t<div\n\t\t\t\t\t\tclass=\"single-image col-lg-3 col-md-4 col-sm-6 col-xs-6\">\n\t\t\t\t\t\t<figure>\n\t\t\t\t\t\t\t<div class=\"video-gal-icon\">\n\t\t\t\t\t\t\t\t<img class=\"img-thumbnail vid-914\"\n\t\t\t\t\t\t\t\t\tsrc=\"https:\/\/img.youtube.com\/vi\/zmtixHqIMmU\/hqdefault.jpg\" alt=\"\"\n\t\t\t\t\t\t\t\t\tdata-video-id=\"y-zmtixHqIMmU\">\n\t\t\t\t\t\t\t\t\t\t\t\t\t\t\t\t\t<i class=\"video_icon_914\">\n\t\t\t\t\t\t\t\t\t\t<img decoding=\"async\" src=\"https:\/\/sjcbancarios.com.br\/site\/wp-content\/plugins\/new-video-gallery\/assets\/img\/p-youtube.png\">\n\t\t\t\t\t\t\t\t\t<\/i>\n\t\t\t\t\t\t\t\t\t\t\t\t\t\t\t<\/div>\n\t\t\t\t\t\t\t<div>\n\t\t\t\t\t\t\t\t\t\t\t\t\t\t\t\t\t\t\t\t\t\t\t\t\t<div class=\"vg-desc\">\n\t\t\t\t\t\t\t\t\t\tGrande festa dos Banc\u00e1rios de 2011 - Realizado no dia 27 de agosto.\t\t\t\t\t\t\t\t\t<\/div>\n\t\t\t\t\t\t\t\t\t\t\t\t\t\t\t<\/div>\n\t\t\t\t\t\t<\/figure>\n\t\t\t\t\t<\/div>\n\t\t\t\t\t\t\t\t\t\t<div\n\t\t\t\t\t\tclass=\"single-image col-lg-3 col-md-4 col-sm-6 col-xs-6\">\n\t\t\t\t\t\t<figure>\n\t\t\t\t\t\t\t<div class=\"video-gal-icon\">\n\t\t\t\t\t\t\t\t<img class=\"img-thumbnail vid-914\"\n\t\t\t\t\t\t\t\t\tsrc=\"https:\/\/img.youtube.com\/vi\/9FRJUPapyxw\/hqdefault.jpg\" alt=\"\"\n\t\t\t\t\t\t\t\t\tdata-video-id=\"y-9FRJUPapyxw\">\n\t\t\t\t\t\t\t\t\t\t\t\t\t\t\t\t\t<i class=\"video_icon_914\">\n\t\t\t\t\t\t\t\t\t\t<img decoding=\"async\" src=\"https:\/\/sjcbancarios.com.br\/site\/wp-content\/plugins\/new-video-gallery\/assets\/img\/p-youtube.png\">\n\t\t\t\t\t\t\t\t\t<\/i>\n\t\t\t\t\t\t\t\t\t\t\t\t\t\t\t<\/div>\n\t\t\t\t\t\t\t<div>\n\t\t\t\t\t\t\t\t\t\t\t\t\t\t\t\t\t\t\t\t\t\t\t\t\t<div class=\"vg-desc\">\n\t\t\t\t\t\t\t\t\t\tFesta dos Banc\u00e1rios de S\u00e3o Jos\u00e9 dos Campos \u2013 2010. Parte 1\/3\t\t\t\t\t\t\t\t\t<\/div>\n\t\t\t\t\t\t\t\t\t\t\t\t\t\t\t<\/div>\n\t\t\t\t\t\t<\/figure>\n\t\t\t\t\t<\/div>\n\t\t\t\t\t\t\t\t\t\t<div\n\t\t\t\t\t\tclass=\"single-image col-lg-3 col-md-4 col-sm-6 col-xs-6\">\n\t\t\t\t\t\t<figure>\n\t\t\t\t\t\t\t<div class=\"video-gal-icon\">\n\t\t\t\t\t\t\t\t<img class=\"img-thumbnail vid-914\"\n\t\t\t\t\t\t\t\t\tsrc=\"https:\/\/img.youtube.com\/vi\/f7Va4piTGE4\/hqdefault.jpg\" alt=\"\"\n\t\t\t\t\t\t\t\t\tdata-video-id=\"y-f7Va4piTGE4\">\n\t\t\t\t\t\t\t\t\t\t\t\t\t\t\t\t\t<i class=\"video_icon_914\">\n\t\t\t\t\t\t\t\t\t\t<img decoding=\"async\" src=\"https:\/\/sjcbancarios.com.br\/site\/wp-content\/plugins\/new-video-gallery\/assets\/img\/p-youtube.png\">\n\t\t\t\t\t\t\t\t\t<\/i>\n\t\t\t\t\t\t\t\t\t\t\t\t\t\t\t<\/div>\n\t\t\t\t\t\t\t<div>\n\t\t\t\t\t\t\t\t\t\t\t\t\t\t\t\t\t\t\t\t\t\t\t\t\t<div class=\"vg-desc\">\n\t\t\t\t\t\t\t\t\t\tFesta dos Banc\u00e1rios de S\u00e3o Jos\u00e9 dos Campos \u2013 2010. Parte 2\/3\t\t\t\t\t\t\t\t\t<\/div>\n\t\t\t\t\t\t\t\t\t\t\t\t\t\t\t<\/div>\n\t\t\t\t\t\t<\/figure>\n\t\t\t\t\t<\/div>\n\t\t\t\t\t\t\t\t\t\t<div\n\t\t\t\t\t\tclass=\"single-image col-lg-3 col-md-4 col-sm-6 col-xs-6\">\n\t\t\t\t\t\t<figure>\n\t\t\t\t\t\t\t<div class=\"video-gal-icon\">\n\t\t\t\t\t\t\t\t<img class=\"img-thumbnail vid-914\"\n\t\t\t\t\t\t\t\t\tsrc=\"https:\/\/img.youtube.com\/vi\/Mw8endJ2uvo\/hqdefault.jpg\" alt=\"\"\n\t\t\t\t\t\t\t\t\tdata-video-id=\"y-Mw8endJ2uvo\">\n\t\t\t\t\t\t\t\t\t\t\t\t\t\t\t\t\t<i class=\"video_icon_914\">\n\t\t\t\t\t\t\t\t\t\t<img decoding=\"async\" src=\"https:\/\/sjcbancarios.com.br\/site\/wp-content\/plugins\/new-video-gallery\/assets\/img\/p-youtube.png\">\n\t\t\t\t\t\t\t\t\t<\/i>\n\t\t\t\t\t\t\t\t\t\t\t\t\t\t\t<\/div>\n\t\t\t\t\t\t\t<div>\n\t\t\t\t\t\t\t\t\t\t\t\t\t\t\t\t\t\t\t\t\t\t\t\t\t<div class=\"vg-desc\">\n\t\t\t\t\t\t\t\t\t\tFesta dos Banc\u00e1rios de S\u00e3o Jos\u00e9 dos Campos \u2013 2010. Parte 3\/3\t\t\t\t\t\t\t\t\t<\/div>\n\t\t\t\t\t\t\t\t\t\t\t\t\t\t\t<\/div>\n\t\t\t\t\t\t<\/figure>\n\t\t\t\t\t<\/div>\n\t\t\t\t\t\t\t\t\t\t<div\n\t\t\t\t\t\tclass=\"single-image col-lg-3 col-md-4 col-sm-6 col-xs-6\">\n\t\t\t\t\t\t<figure>\n\t\t\t\t\t\t\t<div class=\"video-gal-icon\">\n\t\t\t\t\t\t\t\t<img class=\"img-thumbnail vid-914\"\n\t\t\t\t\t\t\t\t\tsrc=\"https:\/\/img.youtube.com\/vi\/YznPDNc32Ss\/hqdefault.jpg\" alt=\"\"\n\t\t\t\t\t\t\t\t\tdata-video-id=\"y-YznPDNc32Ss\">\n\t\t\t\t\t\t\t\t\t\t\t\t\t\t\t\t\t<i class=\"video_icon_914\">\n\t\t\t\t\t\t\t\t\t\t<img decoding=\"async\" src=\"https:\/\/sjcbancarios.com.br\/site\/wp-content\/plugins\/new-video-gallery\/assets\/img\/p-youtube.png\">\n\t\t\t\t\t\t\t\t\t<\/i>\n\t\t\t\t\t\t\t\t\t\t\t\t\t\t\t<\/div>\n\t\t\t\t\t\t\t<div>\n\t\t\t\t\t\t\t\t\t\t\t\t\t\t\t\t\t\t\t\t\t\t\t\t\t<div class=\"vg-desc\">\n\t\t\t\t\t\t\t\t\t\tProjeto Banc\u00e1rio Solid\u00e1rio 2010. Entrega dos presentes na Fundhas Novo Horizonte\t\t\t\t\t\t\t\t\t<\/div>\n\t\t\t\t\t\t\t\t\t\t\t\t\t\t\t<\/div>\n\t\t\t\t\t\t<\/figure>\n\t\t\t\t\t<\/div>\n\t\t\t\t\t\t\t<\/div>\n\t<style>\n\t\t.single-image .vg-title {\n\t\tfont-size: 25px;\n\t\tfont-weight: bold;\n\t\ttext-align: center;\n\t\tpadding: 5px;\n\t\tline-height: 1.3;\n\t\tword-wrap: break-word;\n\t\toverflow-wrap: break-word;\n\t}\n\n\t.single-image .vg-desc {\n\t\tfont-size: 15px;\n\t\tpadding: 5px;\n\t}\n\n\t.single-image {\n\t\tpadding-top: 20px;\n\t\toverflow: visible !important;\n\t}\n\n\t<\/style>\n<script>\n\tjQuery(document).ready(function () {\n\t\t\/\/ isotope effect function\n\t\t\/\/ Method 1 - Initialize Isotope, then trigger layout after each image loads.\n\t\tvar $grid = jQuery('.all-images').isotope({\n\t\t\t\/\/ options...\n\t\t\titemSelector: '.single-image',\n\t\t});\n\t\t\/\/ layout Isotope after each image loads\n\t\t$grid.imagesLoaded().progress(function () {\n\t\t\t$grid.isotope('layout');\n\t\t});\n\t\t\/\/ Re-layout after fonts load AND text reflow so container height is correct\n\t\tdocument.fonts.ready.then(function () {\n\t\t\trequestAnimationFrame(function () {\n\t\t\t\t$grid.isotope('layout');\n\t\t\t});\n\t\t});\n\t\t\/\/ Ultimate fallback: re-layout after everything is fully loaded\n\t\tjQuery(window).on('load', function () {\n\t\t\t$grid.isotope('layout');\n\t\t});\n\n\t\t\/\/video lighting js\n\t\tvideoLightning({\n\t\t\telements: [\n\t\t\t\t{\n\t\t\t\t\t\".vid-914\": {\n\t\t\t\t\t\twidth: '700',\n\t\t\t\t\t\theight: '480',\n\t\t\t\t\t\tautoplay: true,\n\t\t\t\t\t\tautoclose: true,\n\t\t\t\t\t\tzindex: '999999',\n\t\t\t\t\t\tautohide: 2,\n\t\t\t\t\t}\n\t\t\t\t}\n\t\t\t]\n\t\t});\n\n\t\t\/\/ Move video lightbox wrappers to <body> to escape\n\t\t\/\/ the post content stacking context (fixes sidebar\/header overlap)\n\t\tsetTimeout(function () {\n\t\t\tjQuery('.video-wrapper').each(function () {\n\t\t\t\tvar $wrapper = jQuery(this);\n\t\t\t\t\/\/ Save reference to the original target before moving\n\t\t\t\tvar target = $wrapper.closest('.video-target')[0];\n\t\t\t\t$wrapper.appendTo('body');\n\n\t\t\t\t\/\/ Proxy close button \/ backdrop clicks back to the original target\n\t\t\t\t\/\/ so VideoLightning's internal close handler still fires\n\t\t\t\t$wrapper.on('mouseup', function (e) {\n\t\t\t\t\tvar $clicked = jQuery(e.target);\n\t\t\t\t\tif ($clicked.hasClass('video-close') || $clicked.hasClass('video-wrapper')) {\n\t\t\t\t\t\tif (target) {\n\t\t\t\t\t\t\ttarget.dispatchEvent(new MouseEvent('mouseup', {\n\t\t\t\t\t\t\t\tbubbles: true, button: 0, which: 1\n\t\t\t\t\t\t\t}));\n\t\t\t\t\t\t}\n\t\t\t\t\t}\n\t\t\t\t});\n\t\t\t});\n\t\t}, 100);\n\t});\n<\/script>\n","protected":false},"excerpt":{"rendered":"","protected":false},"author":1,"featured_media":0,"parent":0,"menu_order":0,"comment_status":"closed","ping_status":"closed","template":"","meta":{"_et_pb_use_builder":"","_et_pb_old_content":"","_et_gb_content_width":"","footnotes":""},"class_list":["post-918","page","type-page","status-publish","hentry"],"_links":{"self":[{"href":"https:\/\/sjcbancarios.com.br\/site\/wp-json\/wp\/v2\/pages\/918","targetHints":{"allow":["GET"]}}],"collection":[{"href":"https:\/\/sjcbancarios.com.br\/site\/wp-json\/wp\/v2\/pages"}],"about":[{"href":"https:\/\/sjcbancarios.com.br\/site\/wp-json\/wp\/v2\/types\/page"}],"author":[{"embeddable":true,"href":"https:\/\/sjcbancarios.com.br\/site\/wp-json\/wp\/v2\/users\/1"}],"replies":[{"embeddable":true,"href":"https:\/\/sjcbancarios.com.br\/site\/wp-json\/wp\/v2\/comments?post=918"}],"version-history":[{"count":0,"href":"https:\/\/sjcbancarios.com.br\/site\/wp-json\/wp\/v2\/pages\/918\/revisions"}],"wp:attachment":[{"href":"https:\/\/sjcbancarios.com.br\/site\/wp-json\/wp\/v2\/media?parent=918"}],"curies":[{"name":"wp","href":"https:\/\/api.w.org\/{rel}","templated":true}]}}