{"id":9,"date":"2017-10-23T14:53:28","date_gmt":"2017-10-23T16:53:28","guid":{"rendered":"http:\/\/sjcbancarios.com.br\/site\/formulario\/"},"modified":"2025-05-05T13:30:19","modified_gmt":"2025-05-05T16:30:19","slug":"formulario","status":"publish","type":"page","link":"https:\/\/sjcbancarios.com.br\/site\/","title":{"rendered":"Sindicato dos Banc\u00e1rios de S\u00e3o Jos\u00e9 dos Campos e Regi\u00e3o"},"content":{"rendered":"<p><img loading=\"lazy\" decoding=\"async\" src=\"https:\/\/sjcbancarios.com.br\/site\/wp-content\/uploads\/2022\/01\/Fique-Socio-Testeira-jan2022.jpg\" width=\"1997\" height=\"278\" \/><\/p>\n<p><a href=\"https:\/\/sjcbancarios.com.br\/site\/noticias-em-destaque\/19262\/\"><\/a><\/p>\n<p><img decoding=\"async\" src=\"https:\/\/sjcbancarios.com.br\/site\/wp-content\/uploads\/2025\/04\/dia-do-trabalho-bancarios-.jpeg\" \/><\/p>\n<p><a href=\"https:\/\/sjcbancarios.com.br\/site\/category\/noticias-em-destaque\/\" target=\"self\">Noticias em destaque<\/a><\/p>\n<p><a href=\"https:\/\/sjcbancarios.com.br\/site\/noticias-em-destaque\/19262\/\">1\u00ba de Maio &#8211; Dia do Trabalhador!<\/a><\/p>\n<p><a href=\"https:\/\/sjcbancarios.com.br\/site\/noticias-em-destaque\/bancarios-vao-a-brasilia-por-justica-tributaria-e-reducao-da-jornada\/\"><\/a><\/p>\n<p><img decoding=\"async\" src=\"https:\/\/sjcbancarios.com.br\/site\/wp-content\/uploads\/2025\/04\/marcha-para-brasilia.webp\" \/><\/p>\n<p><a href=\"https:\/\/sjcbancarios.com.br\/site\/category\/noticias-em-destaque\/\" target=\"self\">Noticias em destaque<\/a><\/p>\n<p><a href=\"https:\/\/sjcbancarios.com.br\/site\/noticias-em-destaque\/bancarios-vao-a-brasilia-por-justica-tributaria-e-reducao-da-jornada\/\">Banc\u00e1rios v\u00e3o \u00e0 Bras\u00edlia por justi\u00e7a tribut\u00e1ria e redu\u00e7\u00e3o da jornada!<\/a><\/p>\n<p><a href=\"https:\/\/sjcbancarios.com.br\/site\/noticias-em-destaque\/itau-apresenta-proposta-final-para-o-pcr-em-reuniao-com-a-coe\/\"><\/a><\/p>\n<p><img decoding=\"async\" src=\"https:\/\/sjcbancarios.com.br\/site\/wp-content\/uploads\/2020\/09\/ITA\u00d9-PLR-PCR.jpg\" \/><\/p>\n<p><a href=\"https:\/\/sjcbancarios.com.br\/site\/category\/noticias-em-destaque\/\" target=\"self\">Noticias em destaque<\/a><\/p>\n<p><a href=\"https:\/\/sjcbancarios.com.br\/site\/noticias-em-destaque\/itau-apresenta-proposta-final-para-o-pcr-em-reuniao-com-a-coe\/\">Ita\u00fa apresenta proposta final para o PCR em reuni\u00e3o com a COE.<\/a><\/p>\n<p><a href=\"https:\/\/sjcbancarios.com.br\/site\/noticias-em-destaque\/sindicatos-cobram-acoes-urgentes-para-a-saude-mental-dos-bancarios-e-critica-adiamento-das-medidas-de-prevencao-ao-adoecimento-psiquico-no-trabalho\/\"><\/a><\/p>\n<p><img decoding=\"async\" src=\"https:\/\/sjcbancarios.com.br\/site\/wp-content\/uploads\/2025\/04\/mesa-saude-fenaban.webp\" \/><\/p>\n<p><a href=\"https:\/\/sjcbancarios.com.br\/site\/category\/noticias-em-destaque\/\" target=\"self\">Noticias em destaque<\/a><\/p>\n<p><a href=\"https:\/\/sjcbancarios.com.br\/site\/noticias-em-destaque\/sindicatos-cobram-acoes-urgentes-para-a-saude-mental-dos-bancarios-e-critica-adiamento-das-medidas-de-prevencao-ao-adoecimento-psiquico-no-trabalho\/\">Sindicatos cobram a\u00e7\u00f5es urgentes para a sa\u00fade mental dos banc\u00e1rios e critica adiamento das medidas de preven\u00e7\u00e3o ao adoecimento ps\u00edquico no trabalho.<\/a><\/p>\n<p><a href=\"https:\/\/sjcbancarios.com.br\/site\/noticias-em-destaque\/conquista-bradesco-anuncia-programa-para-recrutamento-de-pessoas-com-transtorno-do-espectro-autista\/\"><\/a><\/p>\n<p><img decoding=\"async\" src=\"https:\/\/sjcbancarios.com.br\/site\/wp-content\/uploads\/2025\/04\/bradesco-autista.jpg\" \/><\/p>\n<p><a href=\"https:\/\/sjcbancarios.com.br\/site\/category\/noticias-em-destaque\/\" target=\"self\">Noticias em destaque<\/a><\/p>\n<p><a href=\"https:\/\/sjcbancarios.com.br\/site\/noticias-em-destaque\/conquista-bradesco-anuncia-programa-para-recrutamento-de-pessoas-com-transtorno-do-espectro-autista\/\">Conquista! Bradesco anuncia programa para recrutamento de pessoas com Transtorno do Espectro Autista.<\/a><\/p>\n<p><!-- end .wpfp-featured-post --><\/p>\n<p><a href=\"https:\/\/sjcbancarios.com.br\/site\/noticias\/descontos-ilegais-de-aposentados-do-inss-serao-devolvidos-diz-governo\/\" target=\"_self\"><img loading=\"lazy\" decoding=\"async\" width=\"480\" height=\"340\" src=\"https:\/\/sjcbancarios.com.br\/site\/wp-content\/uploads\/2025\/04\/operacao-sem-desconto-480x340.webp\" \/><\/a><br \/>\n<a href=\"https:\/\/sjcbancarios.com.br\/site\/noticias\/descontos-ilegais-de-aposentados-do-inss-serao-devolvidos-diz-governo\/\" target=\"_self\">Descontos ilegais de aposentados do INSS ser\u00e3o devolvidos, diz governo.<\/a><br \/>\n<a href=\"https:\/\/sjcbancarios.com.br\/site\/noticias\/governo-lula-estuda-substituir-vale-refeicao-por-repasse-via-pix-ao-trabalhador\/\" target=\"_self\"><img loading=\"lazy\" decoding=\"async\" width=\"345\" height=\"146\" src=\"https:\/\/sjcbancarios.com.br\/site\/wp-content\/uploads\/2021\/07\/vale-refei\u00e7\u00e3o.png\" \/><\/a><br \/>\n<a href=\"https:\/\/sjcbancarios.com.br\/site\/noticias\/governo-lula-estuda-substituir-vale-refeicao-por-repasse-via-pix-ao-trabalhador\/\" target=\"_self\">Governo Lula estuda substituir vale-refei\u00e7\u00e3o por repasse via Pix ao trabalhador.<\/a><br \/>\n<a href=\"https:\/\/sjcbancarios.com.br\/site\/noticias\/trabalhadores-podem-pedir-novo-consignado-direto-com-bancos-a-partir-desta-sexta-feira-dia-25\/\" target=\"_self\"><img loading=\"lazy\" decoding=\"async\" width=\"275\" height=\"183\" src=\"https:\/\/sjcbancarios.com.br\/site\/wp-content\/uploads\/2025\/04\/consignado-trabalhador.jpg\" \/><\/a><br \/>\n<a href=\"https:\/\/sjcbancarios.com.br\/site\/noticias\/trabalhadores-podem-pedir-novo-consignado-direto-com-bancos-a-partir-desta-sexta-feira-dia-25\/\" target=\"_self\">Trabalhadores podem pedir novo consignado direto com bancos a partir desta sexta-feira, dia 25.<\/a><br \/>\n<a href=\"https:\/\/sjcbancarios.com.br\/site\/bancos\/banco-do-brasil\/negociacao-sobre-custeio-da-cassi-avanca-com-segunda-rodada\/\" target=\"_self\"><img loading=\"lazy\" decoding=\"async\" width=\"480\" height=\"340\" src=\"https:\/\/sjcbancarios.com.br\/site\/wp-content\/uploads\/2025\/04\/cassi-480x340.webp\" \/><\/a><br \/>\n<a href=\"https:\/\/sjcbancarios.com.br\/site\/bancos\/banco-do-brasil\/negociacao-sobre-custeio-da-cassi-avanca-com-segunda-rodada\/\" target=\"_self\">Negocia\u00e7\u00e3o sobre custeio da Cassi avan\u00e7a com segunda rodada.<\/a><\/p>\n<p><a href=\"https:\/\/sjcbancarios.com.br\/site\/proposta-para-sindicalizar-se\/\"><br \/>\n\t\t\t<img loading=\"lazy\" decoding=\"async\" src=\"https:\/\/sjcbancarios.com.br\/site\/wp-content\/uploads\/2018\/02\/em_caso_demissao3.jpg\" width=\"952\" height=\"378\" \/><br \/>\n\t<\/a><\/p>\n<p><a href=\"https:\/\/sjcbancarios.com.br\/site\/em-caso-de-demissao-procure-o-sindicato-imediatamente-antes-de-homologar\/\"><br \/>\n\t\t\t<img loading=\"lazy\" decoding=\"async\" src=\"https:\/\/sjcbancarios.com.br\/site\/wp-content\/uploads\/2018\/02\/em_caso_demissao2.jpg\" width=\"948\" height=\"378\" \/><br \/>\n\t<\/a><\/p>\n<p><a href=\"http:\/\/sjcbancarios.com.br\/site\/denuncie-assedio-moral\/\">Denuncie<\/a><a href=\"http:\/\/sjcbancarios.com.br\/site\/denuncie-assedio-moral\/\"><img loading=\"lazy\" decoding=\"async\" src=\"http:\/\/sjcbancarios.com.br\/site\/wp-content\/uploads\/2018\/01\/box_assediomoral_denuncie.jpg\" width=\"550\" height=\"420\" \/><\/a><\/p>\n<p><a href=\"http:\/\/sjcbancarios.com.br\/site\/convenios\/\">Conv\u00eanios<\/a><a href=\"http:\/\/sjcbancarios.com.br\/site\/convenios\/\"><img loading=\"lazy\" decoding=\"async\" src=\"http:\/\/sjcbancarios.com.br\/site\/wp-content\/uploads\/2019\/10\/Convenios-Sindicato-dos-Bancarios-de-SJCampos.jpg\" width=\"550\" height=\"420\" \/><\/a><\/p>\n<p><a href=\"https:\/\/sjcbancarios.com.br\/site\/whatsapp-cadastre-se\/\">Cadastre-se<\/a><a href=\"https:\/\/sjcbancarios.com.br\/site\/whatsapp-cadastre-se\/\"><img loading=\"lazy\" decoding=\"async\" src=\"https:\/\/sjcbancarios.com.br\/site\/wp-content\/uploads\/2022\/03\/WHATSAPP-SJCBANCARIOS.jpg\" width=\"501\" height=\"385\" \/><\/a><\/p>\n<p><a href=\"https:\/\/sjcbancarios.com.br\/site\/o-sindicato-agora-na-palma-da-sua-mao\/\">Aplicativo<\/a><a href=\"https:\/\/sjcbancarios.com.br\/site\/o-sindicato-agora-na-palma-da-sua-mao\/\"><img loading=\"lazy\" decoding=\"async\" src=\"https:\/\/sjcbancarios.com.br\/site\/wp-content\/uploads\/2022\/12\/sjcbancarios-app2022.jpg\" width=\"501\" height=\"385\" \/><\/a><\/p>\n<p><a href=\"http:\/\/sjcbancarios.com.br\/site\/jornal-cheque-mate\/\">Jornal Cheque Mate<\/a><br \/>\n<a href=\"https:\/\/sjcbancarios.com.br\/site\/cheque-mate\/cheque-mate-dia-da-mulher-2025\/\" target=\"_self\"><img loading=\"lazy\" decoding=\"async\" width=\"720\" height=\"836\" src=\"https:\/\/sjcbancarios.com.br\/site\/wp-content\/uploads\/2025\/03\/cheque-mate-dia-da-mulher2025.jpg\" \/><\/a><\/p>\n<p><a href=\"http:\/\/sjcbancarios.com.br\/site\/galeria-de-fotos\/\">Galeria de Fotos<\/a><br \/>\n<a href=\"http:\/\/sjcbancarios.com.br\/site\/galeria-de-fotos\/\"><img loading=\"lazy\" decoding=\"async\" src=\"http:\/\/sjcbancarios.com.br\/site\/wp-content\/uploads\/2018\/02\/box_galeria_de_fotos_seeb.jpg\" width=\"550\" height=\"590\" \/><\/a><\/p>\n<p><a href=\"http:\/\/sjcbancarios.com.br\/site\/eventos-galeria-de-videos\/\">Galeria de V\u00eddeos<\/a><br \/>\n<a href=\"http:\/\/sjcbancarios.com.br\/site\/eventos-galeria-de-videos\/\"><img loading=\"lazy\" decoding=\"async\" src=\"http:\/\/sjcbancarios.com.br\/site\/wp-content\/uploads\/2018\/02\/box_galeria_de_videos_seeb.jpg\" width=\"550\" height=\"590\" \/><\/a><\/p>\n<p><img loading=\"lazy\" decoding=\"async\" src=\"http:\/\/sjcbancarios.com.br\/site\/wp-content\/uploads\/2018\/02\/sjcbancarios_logo_azul420.png\" width=\"420\" height=\"88\" \/><\/p>\n<p>Contato Sede e Subsedes<br \/>\n[+] Clique para visualizar os endere\u00e7os<\/p>\n<p>Sede S\u00e3o Jos\u00e9 dos Campos\/SP\t\t\t\t\t\t\t\t\t\t\t\t\t<\/p>\n<p>Av. Dr. M\u00e1rio Galv\u00e3o, 318, Jd. Bela Vista &#8211; S\u00e3o Jos\u00e9 dos Campos\/SP CEP: 12209-004Telefone: (12) 3943-0660\/ Fax: (12) 3943-0669 \u00a0 <a href=\"mailto:seebsjc@sjcbancarios.com.br\">seebsjc@sjcbancarios.com.br<\/a><\/p>\n<p>Subsede Jacare\u00ed\/SP\t\t\t\t\t\t\t\t\t\t\t\t\t<\/p>\n<p>Rua Bar\u00e3o de Jacare\u00ed, 108 &#8211; Jacare\u00ed\/SP CEP: 12308-001 Telefone: (12) 3951-4388 <a href=\"mailto:seebjacarei@sjcbancarios.com.br\">seebjacarei@sjcbancarios.com.br<\/a><\/p>\n<p>Subsede Caraguatatuba\/SP\t\t\t\t\t\t\t\t\t\t\t\t\t<\/p>\n<p>Pra\u00e7a C\u00e2ndido Mota, 193, 2\u00ba Piso, Sala 42, Centro &#8211; Caraguatatuba\/SP CEP: 11660-060 Telefone: (12) 3882-1613 <a href=\"mailto:seebcaragua@sjcbancarios.com.br\">seebcaragua@sjcbancarios.com.br<\/a><\/p>\n<p><img loading=\"lazy\" decoding=\"async\" src=\"https:\/\/sjcbancarios.com.br\/site\/wp-content\/uploads\/2019\/10\/banner-57anos-130121.jpg\" width=\"1278\" height=\"1280\" \/><\/p>\n","protected":false},"excerpt":{"rendered":"<p class=\"excerpt\">Noticias em destaque 1\u00ba de Maio &#8211; Dia do Trabalhador! Noticias em destaque Banc\u00e1rios v\u00e3o \u00e0 Bras\u00edlia por justi\u00e7a tribut\u00e1ria e redu\u00e7\u00e3o da jornada! Noticias em destaque Ita\u00fa apresenta proposta final para o PCR em reuni\u00e3o com a COE. Noticias em destaque Sindicatos cobram a\u00e7\u00f5es urgentes para a sa\u00fade mental dos banc\u00e1rios e critica adiamento [&hellip;]<\/p>\n","protected":false},"author":1,"featured_media":167,"parent":0,"menu_order":0,"comment_status":"closed","ping_status":"closed","template":"builder.php","meta":{"_et_pb_use_builder":"","_et_pb_old_content":"","_et_gb_content_width":"","footnotes":""},"class_list":["post-9","page","type-page","status-publish","has-post-thumbnail","hentry"],"_links":{"self":[{"href":"https:\/\/sjcbancarios.com.br\/site\/wp-json\/wp\/v2\/pages\/9","targetHints":{"allow":["GET"]}}],"collection":[{"href":"https:\/\/sjcbancarios.com.br\/site\/wp-json\/wp\/v2\/pages"}],"about":[{"href":"https:\/\/sjcbancarios.com.br\/site\/wp-json\/wp\/v2\/types\/page"}],"author":[{"embeddable":true,"href":"https:\/\/sjcbancarios.com.br\/site\/wp-json\/wp\/v2\/users\/1"}],"replies":[{"embeddable":true,"href":"https:\/\/sjcbancarios.com.br\/site\/wp-json\/wp\/v2\/comments?post=9"}],"version-history":[{"count":0,"href":"https:\/\/sjcbancarios.com.br\/site\/wp-json\/wp\/v2\/pages\/9\/revisions"}],"wp:featuredmedia":[{"embeddable":true,"href":"https:\/\/sjcbancarios.com.br\/site\/wp-json\/wp\/v2\/media\/167"}],"wp:attachment":[{"href":"https:\/\/sjcbancarios.com.br\/site\/wp-json\/wp\/v2\/media?parent=9"}],"curies":[{"name":"wp","href":"https:\/\/api.w.org\/{rel}","templated":true}]}}