{"id":882,"date":"2018-01-07T11:50:29","date_gmt":"2018-01-07T13:50:29","guid":{"rendered":"http:\/\/sjcbancarios.com.br\/site\/?page_id=882"},"modified":"2018-01-07T11:50:29","modified_gmt":"2018-01-07T13:50:29","slug":"bancos","status":"publish","type":"page","link":"https:\/\/sjcbancarios.com.br\/site\/bancos\/","title":{"rendered":"Bancos"},"content":{"rendered":"<div class=\"pt-cv-wrapper et_smooth_scroll_disabled\"><div class=\"pt-cv-view pt-cv-grid pt-cv-colsys\" id=\"pt-cv-view-6ede89eduw\"><div data-id=\"pt-cv-page-1\" class=\"pt-cv-page\" data-cvc=\"4\"><div class=\"col-md-3 col-sm-6 col-xs-6 pt-cv-content-item pt-cv-1-col\" ><div class='pt-cv-ifield'><a href=\"https:\/\/sjcbancarios.com.br\/site\/bancos\/banco-do-brasil\/\" class=\"_self pt-cv-href-thumbnail pt-cv-thumb-default\" target=\"_self\" ><img loading=\"lazy\" decoding=\"async\" width=\"480\" height=\"340\" src=\"https:\/\/sjcbancarios.com.br\/site\/wp-content\/uploads\/2017\/10\/bb_audiencia_intermediacao_ministerio_publico-480x340.jpg\" class=\"pt-cv-thumbnail\" alt=\"BANCO DO BRASIL S.A. \u2013 Audi\u00eancia Intermedia\u00e7\u00e3o Minist\u00e9rio P\u00fablico do Trabalho\" srcset=\"https:\/\/sjcbancarios.com.br\/site\/wp-content\/uploads\/2017\/10\/bb_audiencia_intermediacao_ministerio_publico-480x340.jpg 480w, https:\/\/sjcbancarios.com.br\/site\/wp-content\/uploads\/2017\/10\/bb_audiencia_intermediacao_ministerio_publico-400x284.jpg 400w, https:\/\/sjcbancarios.com.br\/site\/wp-content\/uploads\/2017\/10\/bb_audiencia_intermediacao_ministerio_publico-24x16.jpg 24w\" sizes=\"(max-width: 480px) 100vw, 480px\" \/><\/a>\n<h4 class=\"pt-cv-title\"><a href=\"https:\/\/sjcbancarios.com.br\/site\/bancos\/banco-do-brasil\/\" class=\"_self\" target=\"_self\" >Banco do Brasil<\/a><\/h4><\/div><\/div>\n<div class=\"col-md-3 col-sm-6 col-xs-6 pt-cv-content-item pt-cv-1-col\" ><div class='pt-cv-ifield'><a href=\"https:\/\/sjcbancarios.com.br\/site\/bancos\/banco-pan\/\" class=\"_self pt-cv-href-thumbnail pt-cv-thumb-default\" target=\"_self\" ><img loading=\"lazy\" decoding=\"async\" width=\"480\" height=\"340\" src=\"https:\/\/sjcbancarios.com.br\/site\/wp-content\/uploads\/2018\/01\/banco_pan-480x340.jpg\" class=\"pt-cv-thumbnail\" alt=\"Banco Pan\" srcset=\"https:\/\/sjcbancarios.com.br\/site\/wp-content\/uploads\/2018\/01\/banco_pan-480x340.jpg 480w, https:\/\/sjcbancarios.com.br\/site\/wp-content\/uploads\/2018\/01\/banco_pan-400x284.jpg 400w\" sizes=\"(max-width: 480px) 100vw, 480px\" \/><\/a>\n<h4 class=\"pt-cv-title\"><a href=\"https:\/\/sjcbancarios.com.br\/site\/bancos\/banco-pan\/\" class=\"_self\" target=\"_self\" >Banco Pan<\/a><\/h4><\/div><\/div>\n<div class=\"col-md-3 col-sm-6 col-xs-6 pt-cv-content-item pt-cv-1-col\" ><div class='pt-cv-ifield'><a href=\"https:\/\/sjcbancarios.com.br\/site\/bancos\/bradesco\/\" class=\"_self pt-cv-href-thumbnail pt-cv-thumb-default\" target=\"_self\" ><img loading=\"lazy\" decoding=\"async\" width=\"480\" height=\"340\" src=\"https:\/\/sjcbancarios.com.br\/site\/wp-content\/uploads\/2017\/12\/plr_bradesco_paga_dia_15-480x340.jpg\" class=\"pt-cv-thumbnail\" alt=\"PLR do Bradesco ser\u00e1 paga na pr\u00f3xima sexta-feira dia 15\" srcset=\"https:\/\/sjcbancarios.com.br\/site\/wp-content\/uploads\/2017\/12\/plr_bradesco_paga_dia_15-480x340.jpg 480w, https:\/\/sjcbancarios.com.br\/site\/wp-content\/uploads\/2017\/12\/plr_bradesco_paga_dia_15-400x284.jpg 400w, https:\/\/sjcbancarios.com.br\/site\/wp-content\/uploads\/2017\/12\/plr_bradesco_paga_dia_15-24x16.jpg 24w\" sizes=\"(max-width: 480px) 100vw, 480px\" \/><\/a>\n<h4 class=\"pt-cv-title\"><a href=\"https:\/\/sjcbancarios.com.br\/site\/bancos\/bradesco\/\" class=\"_self\" target=\"_self\" >Bradesco<\/a><\/h4><\/div><\/div>\n<div class=\"col-md-3 col-sm-6 col-xs-6 pt-cv-content-item pt-cv-1-col\" ><div class='pt-cv-ifield'><a href=\"https:\/\/sjcbancarios.com.br\/site\/bancos\/caixa-economica\/\" class=\"_self pt-cv-href-thumbnail pt-cv-thumb-default\" target=\"_self\" ><img loading=\"lazy\" decoding=\"async\" width=\"480\" height=\"340\" src=\"https:\/\/sjcbancarios.com.br\/site\/wp-content\/uploads\/2017\/12\/justica_condena_caixa_contratar_aprovados_concurso_2014-480x340.jpg\" class=\"pt-cv-thumbnail\" alt=\"Justi\u00e7a condena Caixa a contratar aprovados em concurso de 2014\" srcset=\"https:\/\/sjcbancarios.com.br\/site\/wp-content\/uploads\/2017\/12\/justica_condena_caixa_contratar_aprovados_concurso_2014-480x340.jpg 480w, https:\/\/sjcbancarios.com.br\/site\/wp-content\/uploads\/2017\/12\/justica_condena_caixa_contratar_aprovados_concurso_2014-400x284.jpg 400w\" sizes=\"(max-width: 480px) 100vw, 480px\" \/><\/a>\n<h4 class=\"pt-cv-title\"><a href=\"https:\/\/sjcbancarios.com.br\/site\/bancos\/caixa-economica\/\" class=\"_self\" target=\"_self\" >Caixa Econ\u00f4mica<\/a><\/h4><\/div><\/div>\n<div class=\"col-md-3 col-sm-6 col-xs-6 pt-cv-content-item pt-cv-1-col\" ><div class='pt-cv-ifield'><a href=\"https:\/\/sjcbancarios.com.br\/site\/bancos\/financeiras\/\" class=\"_self pt-cv-href-thumbnail pt-cv-thumb-default\" target=\"_self\" ><img loading=\"lazy\" decoding=\"async\" width=\"480\" height=\"340\" src=\"https:\/\/sjcbancarios.com.br\/site\/wp-content\/uploads\/2018\/01\/bv_financeira-480x340.jpg\" class=\"pt-cv-thumbnail\" alt=\"BV Financeira\" srcset=\"https:\/\/sjcbancarios.com.br\/site\/wp-content\/uploads\/2018\/01\/bv_financeira-480x340.jpg 480w, https:\/\/sjcbancarios.com.br\/site\/wp-content\/uploads\/2018\/01\/bv_financeira-400x284.jpg 400w, https:\/\/sjcbancarios.com.br\/site\/wp-content\/uploads\/2018\/01\/bv_financeira-24x18.jpg 24w\" sizes=\"(max-width: 480px) 100vw, 480px\" \/><\/a>\n<h4 class=\"pt-cv-title\"><a href=\"https:\/\/sjcbancarios.com.br\/site\/bancos\/financeiras\/\" class=\"_self\" target=\"_self\" >Financeiras<\/a><\/h4><\/div><\/div>\n<div class=\"col-md-3 col-sm-6 col-xs-6 pt-cv-content-item pt-cv-1-col\" ><div class='pt-cv-ifield'><a href=\"https:\/\/sjcbancarios.com.br\/site\/bancos\/itau\/\" class=\"_self pt-cv-href-thumbnail pt-cv-thumb-default\" target=\"_self\" ><img loading=\"lazy\" decoding=\"async\" width=\"480\" height=\"340\" src=\"https:\/\/sjcbancarios.com.br\/site\/wp-content\/uploads\/2017\/12\/itau_unibanco_indica_quatro_nomes_conselho_administracao-480x340.jpg\" class=\"pt-cv-thumbnail\" alt=\"Ita\u00fa Unibanco indica quatro novos nomes para conselho de administra\u00e7\u00e3o\" srcset=\"https:\/\/sjcbancarios.com.br\/site\/wp-content\/uploads\/2017\/12\/itau_unibanco_indica_quatro_nomes_conselho_administracao-480x340.jpg 480w, https:\/\/sjcbancarios.com.br\/site\/wp-content\/uploads\/2017\/12\/itau_unibanco_indica_quatro_nomes_conselho_administracao-400x284.jpg 400w, https:\/\/sjcbancarios.com.br\/site\/wp-content\/uploads\/2017\/12\/itau_unibanco_indica_quatro_nomes_conselho_administracao-24x16.jpg 24w, https:\/\/sjcbancarios.com.br\/site\/wp-content\/uploads\/2017\/12\/itau_unibanco_indica_quatro_nomes_conselho_administracao-48x33.jpg 48w\" sizes=\"(max-width: 480px) 100vw, 480px\" \/><\/a>\n<h4 class=\"pt-cv-title\"><a href=\"https:\/\/sjcbancarios.com.br\/site\/bancos\/itau\/\" class=\"_self\" target=\"_self\" >Ita\u00fa<\/a><\/h4><\/div><\/div>\n<div class=\"col-md-3 col-sm-6 col-xs-6 pt-cv-content-item pt-cv-1-col\" ><div class='pt-cv-ifield'><a href=\"https:\/\/sjcbancarios.com.br\/site\/bancos\/mercantil-do-brasil\/\" class=\"_self pt-cv-href-thumbnail pt-cv-thumb-default\" target=\"_self\" ><img loading=\"lazy\" decoding=\"async\" width=\"480\" height=\"340\" src=\"https:\/\/sjcbancarios.com.br\/site\/wp-content\/uploads\/2017\/12\/mercantil_do_brasil_agencias_sao_paulo-480x340.jpg\" class=\"pt-cv-thumbnail\" alt=\"Mercantil do Brasil abrir\u00e1 ag\u00eancias em S\u00e3o Paulo\" srcset=\"https:\/\/sjcbancarios.com.br\/site\/wp-content\/uploads\/2017\/12\/mercantil_do_brasil_agencias_sao_paulo-480x340.jpg 480w, https:\/\/sjcbancarios.com.br\/site\/wp-content\/uploads\/2017\/12\/mercantil_do_brasil_agencias_sao_paulo-400x284.jpg 400w, https:\/\/sjcbancarios.com.br\/site\/wp-content\/uploads\/2017\/12\/mercantil_do_brasil_agencias_sao_paulo-24x16.jpg 24w\" sizes=\"(max-width: 480px) 100vw, 480px\" \/><\/a>\n<h4 class=\"pt-cv-title\"><a href=\"https:\/\/sjcbancarios.com.br\/site\/bancos\/mercantil-do-brasil\/\" class=\"_self\" target=\"_self\" >Mercantil do Brasil<\/a><\/h4><\/div><\/div>\n<div class=\"col-md-3 col-sm-6 col-xs-6 pt-cv-content-item pt-cv-1-col\" ><div class='pt-cv-ifield'><a href=\"https:\/\/sjcbancarios.com.br\/site\/bancos\/safra\/\" class=\"_self pt-cv-href-thumbnail pt-cv-thumb-default\" target=\"_self\" ><img loading=\"lazy\" decoding=\"async\" width=\"480\" height=\"340\" src=\"https:\/\/sjcbancarios.com.br\/site\/wp-content\/uploads\/2017\/12\/lucro_do_safra-480x340.jpg\" class=\"pt-cv-thumbnail\" alt=\"ucro do Safra cresce 2% e rentabilidade \u00e9 de 19%\" srcset=\"https:\/\/sjcbancarios.com.br\/site\/wp-content\/uploads\/2017\/12\/lucro_do_safra-480x340.jpg 480w, https:\/\/sjcbancarios.com.br\/site\/wp-content\/uploads\/2017\/12\/lucro_do_safra-400x284.jpg 400w, https:\/\/sjcbancarios.com.br\/site\/wp-content\/uploads\/2017\/12\/lucro_do_safra-24x17.jpg 24w, https:\/\/sjcbancarios.com.br\/site\/wp-content\/uploads\/2017\/12\/lucro_do_safra-36x25.jpg 36w, https:\/\/sjcbancarios.com.br\/site\/wp-content\/uploads\/2017\/12\/lucro_do_safra-48x33.jpg 48w\" sizes=\"(max-width: 480px) 100vw, 480px\" \/><\/a>\n<h4 class=\"pt-cv-title\"><a href=\"https:\/\/sjcbancarios.com.br\/site\/bancos\/safra\/\" class=\"_self\" target=\"_self\" >Safra<\/a><\/h4><\/div><\/div>\n<div class=\"col-md-3 col-sm-6 col-xs-6 pt-cv-content-item pt-cv-1-col\" ><div class='pt-cv-ifield'><a href=\"https:\/\/sjcbancarios.com.br\/site\/bancos\/santander\/\" class=\"_self pt-cv-href-thumbnail pt-cv-thumb-default\" target=\"_self\" ><img loading=\"lazy\" decoding=\"async\" width=\"480\" height=\"340\" src=\"https:\/\/sjcbancarios.com.br\/site\/wp-content\/uploads\/2017\/12\/santander_obrigado_apresentar_metas_mensais_dos_empregados_justica_trabalhista-480x340.jpg\" class=\"pt-cv-thumbnail\" alt=\"Santander \u00e9 obrigado a apresentar metas mensais de todos os seus empregados \u00e0 Justi\u00e7a trabalhista\" srcset=\"https:\/\/sjcbancarios.com.br\/site\/wp-content\/uploads\/2017\/12\/santander_obrigado_apresentar_metas_mensais_dos_empregados_justica_trabalhista-480x340.jpg 480w, https:\/\/sjcbancarios.com.br\/site\/wp-content\/uploads\/2017\/12\/santander_obrigado_apresentar_metas_mensais_dos_empregados_justica_trabalhista-400x284.jpg 400w\" sizes=\"(max-width: 480px) 100vw, 480px\" \/><\/a>\n<h4 class=\"pt-cv-title\"><a href=\"https:\/\/sjcbancarios.com.br\/site\/bancos\/santander\/\" class=\"_self\" target=\"_self\" >Santander<\/a><\/h4><\/div><\/div><\/div><\/div><\/div>\n","protected":false},"excerpt":{"rendered":"","protected":false},"author":1,"featured_media":883,"parent":0,"menu_order":0,"comment_status":"closed","ping_status":"closed","template":"","meta":{"_et_pb_use_builder":"","_et_pb_old_content":"","_et_gb_content_width":"","footnotes":""},"class_list":["post-882","page","type-page","status-publish","has-post-thumbnail","hentry"],"_links":{"self":[{"href":"https:\/\/sjcbancarios.com.br\/site\/wp-json\/wp\/v2\/pages\/882","targetHints":{"allow":["GET"]}}],"collection":[{"href":"https:\/\/sjcbancarios.com.br\/site\/wp-json\/wp\/v2\/pages"}],"about":[{"href":"https:\/\/sjcbancarios.com.br\/site\/wp-json\/wp\/v2\/types\/page"}],"author":[{"embeddable":true,"href":"https:\/\/sjcbancarios.com.br\/site\/wp-json\/wp\/v2\/users\/1"}],"replies":[{"embeddable":true,"href":"https:\/\/sjcbancarios.com.br\/site\/wp-json\/wp\/v2\/comments?post=882"}],"version-history":[{"count":0,"href":"https:\/\/sjcbancarios.com.br\/site\/wp-json\/wp\/v2\/pages\/882\/revisions"}],"wp:featuredmedia":[{"embeddable":true,"href":"https:\/\/sjcbancarios.com.br\/site\/wp-json\/wp\/v2\/media\/883"}],"wp:attachment":[{"href":"https:\/\/sjcbancarios.com.br\/site\/wp-json\/wp\/v2\/media?parent=882"}],"curies":[{"name":"wp","href":"https:\/\/api.w.org\/{rel}","templated":true}]}}