{"id":659,"date":"2017-12-12T11:12:49","date_gmt":"2017-12-12T13:12:49","guid":{"rendered":"http:\/\/sjcbancarios.com.br\/site\/?page_id=659"},"modified":"2025-10-06T15:09:41","modified_gmt":"2025-10-06T18:09:41","slug":"camping-caragua","status":"publish","type":"page","link":"https:\/\/sjcbancarios.com.br\/site\/camping-caragua\/","title":{"rendered":"Camping Caragu\u00e1"},"content":{"rendered":"<p>Os banc\u00e1rios que quiserem aproveitar o calor gostoso do ver\u00e3o poder\u00e3o reservar vagas no Camping do Sindicato em Caragu\u00e1. Localizado no bairro Porto Novo, o camping comporta barracas, possui ainda 2 quartos, depend\u00eancias muradas, terreno arborizado e caseiro que reside no local.<\/p>\n<p><strong>HOR\u00c1RIO DE CHECK IN \/ CHECK OUT<\/strong><br \/>\n* A entrada dos usu\u00e1rios no camping, ser\u00e1 feita mediante apresenta\u00e7\u00e3o da guia de autoriza\u00e7\u00e3o do Sindicato e identifica\u00e7\u00e3o do associado titular, dentro do hor\u00e1rio das 8:00h \u00e0s 22:00h, de ter\u00e7a-feira a domingo;<\/p>\n<p><strong>VALORES<\/strong><br \/>\n* O valor da di\u00e1ria a ser cobrado ser\u00e1 de R$5,00 (cinco reais) para sindicalizados, dependentes e agregados e R$ 10,00 (dez reais) para convidados.<\/p>\n<p><strong>PER\u00cdODO DE PERMAN\u00caNCIA<\/strong><br \/>\n* Na temporada: at\u00e9 cinco dias corridos;<br \/>\n* Fora da temporada: at\u00e9 15 dias corridos;<\/p>\n<p><strong>NORMAS DE USO<\/strong><br \/>\n* Os associados poder\u00e3o levar at\u00e9 no m\u00e1ximo 04 convidados, incluindo crian\u00e7as, para utiliza\u00e7\u00e3o das depend\u00eancias do camping.<br \/>\n* S\u00f3 ser\u00e1 permitida a entrada de animais de pequeno porte nas depend\u00eancias do Camping, devidamente preso na guia;<br \/>\n* Durante a estadia, os usu\u00e1rios s\u00e3o respons\u00e1veis pela limpeza e conserva\u00e7\u00e3o do quarto e as depend\u00eancias de uso comum (cozinha e banheiros) devem ser mantidas organizadas;<br \/>\n* Respeite o hor\u00e1rio de sil\u00eancio a partir das 00:00h;<br \/>\n* O Sindicato n\u00e3o disponibiliza aos usu\u00e1rios roupas de cama, mesa e banho;<br \/>\n* O Sindicato n\u00e3o se responsabiliza por danos e objetos deixados nos ve\u00edculos e demais depend\u00eancias do Camping;<br \/>\n* Quaisquer reclama\u00e7\u00f5es e\/ou sugest\u00f5es dever\u00e3o ser encaminhadas \u00e0 Sede do SEEB, pelo e-mail: seebsjc@sjcbancarios.com.br;<\/p>\n<p><strong>Veja fotos do Camping:<\/strong><\/p>\n\n\t\t<style type=\"text\/css\">\n\t\t\t#gallery-1 {\n\t\t\t\tmargin: auto;\n\t\t\t}\n\t\t\t#gallery-1 .gallery-item {\n\t\t\t\tfloat: left;\n\t\t\t\tmargin-top: 10px;\n\t\t\t\ttext-align: center;\n\t\t\t\twidth: 33%;\n\t\t\t}\n\t\t\t#gallery-1 img {\n\t\t\t\tborder: 2px solid #cfcfcf;\n\t\t\t}\n\t\t\t#gallery-1 .gallery-caption {\n\t\t\t\tmargin-left: 0;\n\t\t\t}\n\t\t\t\/* see gallery_shortcode() in wp-includes\/media.php *\/\n\t\t<\/style>\n\t\t<div id='gallery-1' class='gallery galleryid-659 gallery-columns-3 gallery-size-medium'><dl class='gallery-item'>\n\t\t\t<dt class='gallery-icon landscape'>\n\t\t\t\t<a href='https:\/\/sjcbancarios.com.br\/site\/wp-content\/uploads\/2022\/09\/clube-camping-2022-11.jpg'><img loading=\"lazy\" decoding=\"async\" width=\"450\" height=\"249\" src=\"https:\/\/sjcbancarios.com.br\/site\/wp-content\/uploads\/2022\/09\/clube-camping-2022-11-450x249.jpg\" class=\"attachment-medium size-medium\" alt=\"\" srcset=\"https:\/\/sjcbancarios.com.br\/site\/wp-content\/uploads\/2022\/09\/clube-camping-2022-11-450x249.jpg 450w, https:\/\/sjcbancarios.com.br\/site\/wp-content\/uploads\/2022\/09\/clube-camping-2022-11-1024x566.jpg 1024w, https:\/\/sjcbancarios.com.br\/site\/wp-content\/uploads\/2022\/09\/clube-camping-2022-11-768x425.jpg 768w, https:\/\/sjcbancarios.com.br\/site\/wp-content\/uploads\/2022\/09\/clube-camping-2022-11-24x13.jpg 24w, https:\/\/sjcbancarios.com.br\/site\/wp-content\/uploads\/2022\/09\/clube-camping-2022-11-36x20.jpg 36w, https:\/\/sjcbancarios.com.br\/site\/wp-content\/uploads\/2022\/09\/clube-camping-2022-11-48x27.jpg 48w, https:\/\/sjcbancarios.com.br\/site\/wp-content\/uploads\/2022\/09\/clube-camping-2022-11.jpg 1490w\" sizes=\"(max-width: 450px) 100vw, 450px\" \/><\/a>\n\t\t\t<\/dt><\/dl><dl class='gallery-item'>\n\t\t\t<dt class='gallery-icon landscape'>\n\t\t\t\t<a href='https:\/\/sjcbancarios.com.br\/site\/wp-content\/uploads\/2022\/09\/clube-camping-2022-3.jpg'><img loading=\"lazy\" decoding=\"async\" width=\"400\" height=\"300\" src=\"https:\/\/sjcbancarios.com.br\/site\/wp-content\/uploads\/2022\/09\/clube-camping-2022-3-400x300.jpg\" class=\"attachment-medium size-medium\" alt=\"\" srcset=\"https:\/\/sjcbancarios.com.br\/site\/wp-content\/uploads\/2022\/09\/clube-camping-2022-3-400x300.jpg 400w, https:\/\/sjcbancarios.com.br\/site\/wp-content\/uploads\/2022\/09\/clube-camping-2022-3-1024x768.jpg 1024w, https:\/\/sjcbancarios.com.br\/site\/wp-content\/uploads\/2022\/09\/clube-camping-2022-3-768x576.jpg 768w, https:\/\/sjcbancarios.com.br\/site\/wp-content\/uploads\/2022\/09\/clube-camping-2022-3-24x18.jpg 24w, https:\/\/sjcbancarios.com.br\/site\/wp-content\/uploads\/2022\/09\/clube-camping-2022-3-36x27.jpg 36w, https:\/\/sjcbancarios.com.br\/site\/wp-content\/uploads\/2022\/09\/clube-camping-2022-3-48x36.jpg 48w, https:\/\/sjcbancarios.com.br\/site\/wp-content\/uploads\/2022\/09\/clube-camping-2022-3.jpg 1080w\" sizes=\"(max-width: 400px) 100vw, 400px\" \/><\/a>\n\t\t\t<\/dt><\/dl><dl class='gallery-item'>\n\t\t\t<dt class='gallery-icon landscape'>\n\t\t\t\t<a href='https:\/\/sjcbancarios.com.br\/site\/wp-content\/uploads\/2022\/09\/clube-camping-2022-1.jpg'><img loading=\"lazy\" decoding=\"async\" width=\"400\" height=\"300\" src=\"https:\/\/sjcbancarios.com.br\/site\/wp-content\/uploads\/2022\/09\/clube-camping-2022-1-400x300.jpg\" class=\"attachment-medium size-medium\" alt=\"\" srcset=\"https:\/\/sjcbancarios.com.br\/site\/wp-content\/uploads\/2022\/09\/clube-camping-2022-1-400x300.jpg 400w, https:\/\/sjcbancarios.com.br\/site\/wp-content\/uploads\/2022\/09\/clube-camping-2022-1-1024x768.jpg 1024w, https:\/\/sjcbancarios.com.br\/site\/wp-content\/uploads\/2022\/09\/clube-camping-2022-1-768x576.jpg 768w, https:\/\/sjcbancarios.com.br\/site\/wp-content\/uploads\/2022\/09\/clube-camping-2022-1-24x18.jpg 24w, https:\/\/sjcbancarios.com.br\/site\/wp-content\/uploads\/2022\/09\/clube-camping-2022-1-36x27.jpg 36w, https:\/\/sjcbancarios.com.br\/site\/wp-content\/uploads\/2022\/09\/clube-camping-2022-1-48x36.jpg 48w, https:\/\/sjcbancarios.com.br\/site\/wp-content\/uploads\/2022\/09\/clube-camping-2022-1.jpg 1080w\" sizes=\"(max-width: 400px) 100vw, 400px\" \/><\/a>\n\t\t\t<\/dt><\/dl><br style=\"clear: both\" \/><dl class='gallery-item'>\n\t\t\t<dt class='gallery-icon landscape'>\n\t\t\t\t<a href='https:\/\/sjcbancarios.com.br\/site\/wp-content\/uploads\/2022\/09\/clube-camping-2022-2.jpg'><img loading=\"lazy\" decoding=\"async\" width=\"400\" height=\"300\" src=\"https:\/\/sjcbancarios.com.br\/site\/wp-content\/uploads\/2022\/09\/clube-camping-2022-2-400x300.jpg\" class=\"attachment-medium size-medium\" alt=\"\" srcset=\"https:\/\/sjcbancarios.com.br\/site\/wp-content\/uploads\/2022\/09\/clube-camping-2022-2-400x300.jpg 400w, https:\/\/sjcbancarios.com.br\/site\/wp-content\/uploads\/2022\/09\/clube-camping-2022-2-1024x768.jpg 1024w, https:\/\/sjcbancarios.com.br\/site\/wp-content\/uploads\/2022\/09\/clube-camping-2022-2-768x576.jpg 768w, https:\/\/sjcbancarios.com.br\/site\/wp-content\/uploads\/2022\/09\/clube-camping-2022-2-24x18.jpg 24w, https:\/\/sjcbancarios.com.br\/site\/wp-content\/uploads\/2022\/09\/clube-camping-2022-2-36x27.jpg 36w, https:\/\/sjcbancarios.com.br\/site\/wp-content\/uploads\/2022\/09\/clube-camping-2022-2-48x36.jpg 48w, https:\/\/sjcbancarios.com.br\/site\/wp-content\/uploads\/2022\/09\/clube-camping-2022-2.jpg 1080w\" sizes=\"(max-width: 400px) 100vw, 400px\" \/><\/a>\n\t\t\t<\/dt><\/dl><dl class='gallery-item'>\n\t\t\t<dt class='gallery-icon landscape'>\n\t\t\t\t<a href='https:\/\/sjcbancarios.com.br\/site\/wp-content\/uploads\/2022\/09\/clube-camping-2022-4.jpg'><img loading=\"lazy\" decoding=\"async\" width=\"400\" height=\"300\" src=\"https:\/\/sjcbancarios.com.br\/site\/wp-content\/uploads\/2022\/09\/clube-camping-2022-4-400x300.jpg\" class=\"attachment-medium size-medium\" alt=\"\" srcset=\"https:\/\/sjcbancarios.com.br\/site\/wp-content\/uploads\/2022\/09\/clube-camping-2022-4-400x300.jpg 400w, https:\/\/sjcbancarios.com.br\/site\/wp-content\/uploads\/2022\/09\/clube-camping-2022-4-1024x768.jpg 1024w, https:\/\/sjcbancarios.com.br\/site\/wp-content\/uploads\/2022\/09\/clube-camping-2022-4-768x576.jpg 768w, https:\/\/sjcbancarios.com.br\/site\/wp-content\/uploads\/2022\/09\/clube-camping-2022-4-24x18.jpg 24w, https:\/\/sjcbancarios.com.br\/site\/wp-content\/uploads\/2022\/09\/clube-camping-2022-4-36x27.jpg 36w, https:\/\/sjcbancarios.com.br\/site\/wp-content\/uploads\/2022\/09\/clube-camping-2022-4-48x36.jpg 48w, https:\/\/sjcbancarios.com.br\/site\/wp-content\/uploads\/2022\/09\/clube-camping-2022-4.jpg 1080w\" sizes=\"(max-width: 400px) 100vw, 400px\" \/><\/a>\n\t\t\t<\/dt><\/dl><dl class='gallery-item'>\n\t\t\t<dt class='gallery-icon portrait'>\n\t\t\t\t<a href='https:\/\/sjcbancarios.com.br\/site\/wp-content\/uploads\/2022\/09\/clube-camping-2022-6.jpg'><img loading=\"lazy\" decoding=\"async\" width=\"240\" height=\"300\" src=\"https:\/\/sjcbancarios.com.br\/site\/wp-content\/uploads\/2022\/09\/clube-camping-2022-6-240x300.jpg\" class=\"attachment-medium size-medium\" alt=\"\" srcset=\"https:\/\/sjcbancarios.com.br\/site\/wp-content\/uploads\/2022\/09\/clube-camping-2022-6-240x300.jpg 240w, https:\/\/sjcbancarios.com.br\/site\/wp-content\/uploads\/2022\/09\/clube-camping-2022-6-819x1024.jpg 819w, https:\/\/sjcbancarios.com.br\/site\/wp-content\/uploads\/2022\/09\/clube-camping-2022-6-768x960.jpg 768w, https:\/\/sjcbancarios.com.br\/site\/wp-content\/uploads\/2022\/09\/clube-camping-2022-6-19x24.jpg 19w, https:\/\/sjcbancarios.com.br\/site\/wp-content\/uploads\/2022\/09\/clube-camping-2022-6-29x36.jpg 29w, https:\/\/sjcbancarios.com.br\/site\/wp-content\/uploads\/2022\/09\/clube-camping-2022-6-38x48.jpg 38w, https:\/\/sjcbancarios.com.br\/site\/wp-content\/uploads\/2022\/09\/clube-camping-2022-6.jpg 960w\" sizes=\"(max-width: 240px) 100vw, 240px\" \/><\/a>\n\t\t\t<\/dt><\/dl><br style=\"clear: both\" \/><dl class='gallery-item'>\n\t\t\t<dt class='gallery-icon portrait'>\n\t\t\t\t<a href='https:\/\/sjcbancarios.com.br\/site\/wp-content\/uploads\/2022\/09\/clube-camping-2022-7.jpg'><img loading=\"lazy\" decoding=\"async\" width=\"240\" height=\"300\" src=\"https:\/\/sjcbancarios.com.br\/site\/wp-content\/uploads\/2022\/09\/clube-camping-2022-7-240x300.jpg\" class=\"attachment-medium size-medium\" alt=\"\" srcset=\"https:\/\/sjcbancarios.com.br\/site\/wp-content\/uploads\/2022\/09\/clube-camping-2022-7-240x300.jpg 240w, https:\/\/sjcbancarios.com.br\/site\/wp-content\/uploads\/2022\/09\/clube-camping-2022-7-819x1024.jpg 819w, https:\/\/sjcbancarios.com.br\/site\/wp-content\/uploads\/2022\/09\/clube-camping-2022-7-768x960.jpg 768w, https:\/\/sjcbancarios.com.br\/site\/wp-content\/uploads\/2022\/09\/clube-camping-2022-7-19x24.jpg 19w, https:\/\/sjcbancarios.com.br\/site\/wp-content\/uploads\/2022\/09\/clube-camping-2022-7-29x36.jpg 29w, https:\/\/sjcbancarios.com.br\/site\/wp-content\/uploads\/2022\/09\/clube-camping-2022-7-38x48.jpg 38w, https:\/\/sjcbancarios.com.br\/site\/wp-content\/uploads\/2022\/09\/clube-camping-2022-7.jpg 960w\" sizes=\"(max-width: 240px) 100vw, 240px\" \/><\/a>\n\t\t\t<\/dt><\/dl><dl class='gallery-item'>\n\t\t\t<dt class='gallery-icon portrait'>\n\t\t\t\t<a href='https:\/\/sjcbancarios.com.br\/site\/wp-content\/uploads\/2022\/09\/clube-camping-2022-10.jpg'><img loading=\"lazy\" decoding=\"async\" width=\"240\" height=\"300\" src=\"https:\/\/sjcbancarios.com.br\/site\/wp-content\/uploads\/2022\/09\/clube-camping-2022-10-240x300.jpg\" class=\"attachment-medium size-medium\" alt=\"\" srcset=\"https:\/\/sjcbancarios.com.br\/site\/wp-content\/uploads\/2022\/09\/clube-camping-2022-10-240x300.jpg 240w, https:\/\/sjcbancarios.com.br\/site\/wp-content\/uploads\/2022\/09\/clube-camping-2022-10-819x1024.jpg 819w, https:\/\/sjcbancarios.com.br\/site\/wp-content\/uploads\/2022\/09\/clube-camping-2022-10-768x960.jpg 768w, https:\/\/sjcbancarios.com.br\/site\/wp-content\/uploads\/2022\/09\/clube-camping-2022-10-19x24.jpg 19w, https:\/\/sjcbancarios.com.br\/site\/wp-content\/uploads\/2022\/09\/clube-camping-2022-10-29x36.jpg 29w, https:\/\/sjcbancarios.com.br\/site\/wp-content\/uploads\/2022\/09\/clube-camping-2022-10-38x48.jpg 38w, https:\/\/sjcbancarios.com.br\/site\/wp-content\/uploads\/2022\/09\/clube-camping-2022-10.jpg 960w\" sizes=\"(max-width: 240px) 100vw, 240px\" \/><\/a>\n\t\t\t<\/dt><\/dl><dl class='gallery-item'>\n\t\t\t<dt class='gallery-icon portrait'>\n\t\t\t\t<a href='https:\/\/sjcbancarios.com.br\/site\/wp-content\/uploads\/2022\/09\/clube-camping-2022-9.jpg'><img loading=\"lazy\" decoding=\"async\" width=\"240\" height=\"300\" src=\"https:\/\/sjcbancarios.com.br\/site\/wp-content\/uploads\/2022\/09\/clube-camping-2022-9-240x300.jpg\" class=\"attachment-medium size-medium\" alt=\"\" srcset=\"https:\/\/sjcbancarios.com.br\/site\/wp-content\/uploads\/2022\/09\/clube-camping-2022-9-240x300.jpg 240w, https:\/\/sjcbancarios.com.br\/site\/wp-content\/uploads\/2022\/09\/clube-camping-2022-9-819x1024.jpg 819w, https:\/\/sjcbancarios.com.br\/site\/wp-content\/uploads\/2022\/09\/clube-camping-2022-9-768x960.jpg 768w, https:\/\/sjcbancarios.com.br\/site\/wp-content\/uploads\/2022\/09\/clube-camping-2022-9-19x24.jpg 19w, https:\/\/sjcbancarios.com.br\/site\/wp-content\/uploads\/2022\/09\/clube-camping-2022-9-29x36.jpg 29w, https:\/\/sjcbancarios.com.br\/site\/wp-content\/uploads\/2022\/09\/clube-camping-2022-9-38x48.jpg 38w, https:\/\/sjcbancarios.com.br\/site\/wp-content\/uploads\/2022\/09\/clube-camping-2022-9.jpg 960w\" sizes=\"(max-width: 240px) 100vw, 240px\" \/><\/a>\n\t\t\t<\/dt><\/dl><br style=\"clear: both\" \/>\n\t\t<\/div>\n\n","protected":false},"excerpt":{"rendered":"<p class=\"excerpt\">Os banc\u00e1rios que quiserem aproveitar o calor gostoso do ver\u00e3o poder\u00e3o reservar vagas no Camping do Sindicato em Caragu\u00e1. Localizado no bairro Porto Novo, o camping comporta barracas, possui ainda 2 quartos, depend\u00eancias muradas, terreno arborizado e caseiro que reside no local. HOR\u00c1RIO DE CHECK IN \/ CHECK OUT * A entrada dos usu\u00e1rios no [&hellip;]<\/p>\n","protected":false},"author":1,"featured_media":665,"parent":0,"menu_order":0,"comment_status":"closed","ping_status":"closed","template":"","meta":{"_et_pb_use_builder":"","_et_pb_old_content":"","_et_gb_content_width":"","footnotes":""},"class_list":["post-659","page","type-page","status-publish","has-post-thumbnail","hentry"],"_links":{"self":[{"href":"https:\/\/sjcbancarios.com.br\/site\/wp-json\/wp\/v2\/pages\/659","targetHints":{"allow":["GET"]}}],"collection":[{"href":"https:\/\/sjcbancarios.com.br\/site\/wp-json\/wp\/v2\/pages"}],"about":[{"href":"https:\/\/sjcbancarios.com.br\/site\/wp-json\/wp\/v2\/types\/page"}],"author":[{"embeddable":true,"href":"https:\/\/sjcbancarios.com.br\/site\/wp-json\/wp\/v2\/users\/1"}],"replies":[{"embeddable":true,"href":"https:\/\/sjcbancarios.com.br\/site\/wp-json\/wp\/v2\/comments?post=659"}],"version-history":[{"count":0,"href":"https:\/\/sjcbancarios.com.br\/site\/wp-json\/wp\/v2\/pages\/659\/revisions"}],"wp:featuredmedia":[{"embeddable":true,"href":"https:\/\/sjcbancarios.com.br\/site\/wp-json\/wp\/v2\/media\/665"}],"wp:attachment":[{"href":"https:\/\/sjcbancarios.com.br\/site\/wp-json\/wp\/v2\/media?parent=659"}],"curies":[{"name":"wp","href":"https:\/\/api.w.org\/{rel}","templated":true}]}}