{"id":628,"date":"2017-12-12T10:18:51","date_gmt":"2017-12-12T12:18:51","guid":{"rendered":"http:\/\/sjcbancarios.com.br\/site\/?page_id=628"},"modified":"2017-12-12T10:18:51","modified_gmt":"2017-12-12T12:18:51","slug":"comissao-de-conciliacao-previa","status":"publish","type":"page","link":"https:\/\/sjcbancarios.com.br\/site\/comissao-de-conciliacao-previa\/","title":{"rendered":"Comiss\u00e3o de Concilia\u00e7\u00e3o Pr\u00e9via"},"content":{"rendered":"<p><img loading=\"lazy\" decoding=\"async\" class=\"aligncenter size-full wp-image-629\" src=\"http:\/\/sjcbancarios.com.br\/site\/wp-content\/uploads\/2017\/12\/conciliacao_previa.jpg\" alt=\"Comiss\u00e3o de Concilia\u00e7\u00e3o Pr\u00e9via\" width=\"1100\" height=\"507\" srcset=\"https:\/\/sjcbancarios.com.br\/site\/wp-content\/uploads\/2017\/12\/conciliacao_previa.jpg 1048w, https:\/\/sjcbancarios.com.br\/site\/wp-content\/uploads\/2017\/12\/conciliacao_previa-450x207.jpg 450w, https:\/\/sjcbancarios.com.br\/site\/wp-content\/uploads\/2017\/12\/conciliacao_previa-1024x472.jpg 1024w, https:\/\/sjcbancarios.com.br\/site\/wp-content\/uploads\/2017\/12\/conciliacao_previa-768x354.jpg 768w, https:\/\/sjcbancarios.com.br\/site\/wp-content\/uploads\/2017\/12\/conciliacao_previa-24x11.jpg 24w, https:\/\/sjcbancarios.com.br\/site\/wp-content\/uploads\/2017\/12\/conciliacao_previa-36x17.jpg 36w, https:\/\/sjcbancarios.com.br\/site\/wp-content\/uploads\/2017\/12\/conciliacao_previa-48x22.jpg 48w, https:\/\/sjcbancarios.com.br\/site\/wp-content\/uploads\/2017\/12\/conciliacao_previa-300x138.jpg 300w, https:\/\/sjcbancarios.com.br\/site\/wp-content\/uploads\/2017\/12\/conciliacao_previa-600x277.jpg 600w, https:\/\/sjcbancarios.com.br\/site\/wp-content\/uploads\/2017\/12\/conciliacao_previa-800x369.jpg 800w\" sizes=\"(max-width: 1100px) 100vw, 1100px\" \/><\/p>\n<p>Criada em virtude do grande n\u00famero de processos de banc\u00e1rios na Justi\u00e7a do Trabalho, que demoravam de 5 a 8 anos para ser resolvidos, a Comiss\u00e3o extra-judicial vem se apresentando como uma das mais avan\u00e7adas e diplom\u00e1ticas alternativas para acelerar a solu\u00e7\u00e3o de conflitos trabalhistas.<\/p>\n<p>Sob a fiscaliza\u00e7\u00e3o e acompanhamento r\u00edgidos do Sindicato, banc\u00e1rios t\u00eam recebido seus direitos em uma m\u00e9dia de 45 dias e conquistado valores satisfat\u00f3rios equiparados com o da Justi\u00e7a.<\/p>\n","protected":false},"excerpt":{"rendered":"<p class=\"excerpt\">Criada em virtude do grande n\u00famero de processos de banc\u00e1rios na Justi\u00e7a do Trabalho, que demoravam de 5 a 8 anos para ser resolvidos, a Comiss\u00e3o extra-judicial vem se apresentando como uma das mais avan\u00e7adas e diplom\u00e1ticas alternativas para acelerar a solu\u00e7\u00e3o de conflitos trabalhistas. Sob a fiscaliza\u00e7\u00e3o e acompanhamento r\u00edgidos do Sindicato, banc\u00e1rios t\u00eam [&hellip;]<\/p>\n","protected":false},"author":1,"featured_media":0,"parent":0,"menu_order":0,"comment_status":"closed","ping_status":"closed","template":"","meta":{"_et_pb_use_builder":"","_et_pb_old_content":"","_et_gb_content_width":"","footnotes":""},"class_list":["post-628","page","type-page","status-publish","hentry"],"_links":{"self":[{"href":"https:\/\/sjcbancarios.com.br\/site\/wp-json\/wp\/v2\/pages\/628","targetHints":{"allow":["GET"]}}],"collection":[{"href":"https:\/\/sjcbancarios.com.br\/site\/wp-json\/wp\/v2\/pages"}],"about":[{"href":"https:\/\/sjcbancarios.com.br\/site\/wp-json\/wp\/v2\/types\/page"}],"author":[{"embeddable":true,"href":"https:\/\/sjcbancarios.com.br\/site\/wp-json\/wp\/v2\/users\/1"}],"replies":[{"embeddable":true,"href":"https:\/\/sjcbancarios.com.br\/site\/wp-json\/wp\/v2\/comments?post=628"}],"version-history":[{"count":0,"href":"https:\/\/sjcbancarios.com.br\/site\/wp-json\/wp\/v2\/pages\/628\/revisions"}],"wp:attachment":[{"href":"https:\/\/sjcbancarios.com.br\/site\/wp-json\/wp\/v2\/media?parent=628"}],"curies":[{"name":"wp","href":"https:\/\/api.w.org\/{rel}","templated":true}]}}