{"id":599,"date":"2017-12-11T20:30:50","date_gmt":"2017-12-11T22:30:50","guid":{"rendered":"http:\/\/sjcbancarios.com.br\/site\/?page_id=599"},"modified":"2018-08-01T14:28:34","modified_gmt":"2018-08-01T17:28:34","slug":"consulta-de-processos","status":"publish","type":"page","link":"https:\/\/sjcbancarios.com.br\/site\/consulta-de-processos\/","title":{"rendered":"Consulta de Processos"},"content":{"rendered":"<p>Processos com data anterior a 2014 clique <span style=\"color: #0000ff;\"><a style=\"color: #0000ff;\" href=\"http:\/\/portal.trt15.jus.br\/numeracao-unica\" target=\"_blank\" rel=\"noopener\">aqui<\/a><\/span><br \/>\nProcessos com data posterior a 2014 clique <span style=\"color: #0000ff;\"><a style=\"color: #0000ff;\" href=\"https:\/\/consultaprocessual.trt15.jus.br\/consultaprocessual\/pages\/consultas\/ConsultaProcessual.seam\" target=\"_blank\" rel=\"noopener\">aqui<\/a><\/span><strong><br \/>\n<\/strong>Para consultar copie e cole o n\u00famero do processo na p\u00e1gina.<strong><br \/>\n<\/strong><\/p>\n\n<table id=\"tablepress-1\" class=\"tablepress tablepress-id-1\">\n<thead>\n<tr class=\"row-1\">\n\t<th class=\"column-1\">N\u00ba do Processo<\/th><th class=\"column-2\">Requerido<\/th><th class=\"column-3\">Vara<\/th><th class=\"column-4\">Natureza<\/th><th class=\"column-5\">Local<\/th><th class=\"column-6\">Observa\u00e7\u00e3o<\/th>\n<\/tr>\n<\/thead>\n<tbody class=\"row-striping row-hover\">\n<tr class=\"row-2\">\n\t<td class=\"column-1\">797\/2008-023-1500<\/td><td class=\"column-2\">Caixa Econ\u00f4mica Federal<\/td><td class=\"column-3\">1\u00aa<\/td><td class=\"column-4\">Trabalhista<\/td><td class=\"column-5\">Jacare\u00ed<\/td><td class=\"column-6\">T Alim<\/td>\n<\/tr>\n<tr class=\"row-3\">\n\t<td class=\"column-1\">2463-2009-000-000<\/td><td class=\"column-2\">Caixa Econ\u00f4mica Federal<\/td><td class=\"column-3\">-<\/td><td class=\"column-4\">Trabalhista<\/td><td class=\"column-5\">TRT15<\/td><td class=\"column-6\">T Alim<\/td>\n<\/tr>\n<tr class=\"row-4\">\n\t<td class=\"column-1\">683-2008-063-15-00<\/td><td class=\"column-2\">Caixa Econ\u00f4mica Federal<\/td><td class=\"column-3\">1\u00aa<\/td><td class=\"column-4\">Trabalhista<\/td><td class=\"column-5\">Caraguatatuba<\/td><td class=\"column-6\">T Alim<\/td>\n<\/tr>\n<tr class=\"row-5\">\n\t<td class=\"column-1\">993-2008121-15-00<\/td><td class=\"column-2\">Caixa Econ\u00f4mica Federal<\/td><td class=\"column-3\">1\u00aa<\/td><td class=\"column-4\">Trabalhista<\/td><td class=\"column-5\">S\u00e3o Sebasti\u00e3o<\/td><td class=\"column-6\">T Alim<\/td>\n<\/tr>\n<tr class=\"row-6\">\n\t<td class=\"column-1\">1084-2008-059-15-00<\/td><td class=\"column-2\">Caixa Econ\u00f4mica Federal<\/td><td class=\"column-3\">2\u00aa<\/td><td class=\"column-4\">Trabalhista<\/td><td class=\"column-5\">Campos do Jord\u00e3o<\/td><td class=\"column-6\">T Alim<\/td>\n<\/tr>\n<tr class=\"row-7\">\n\t<td class=\"column-1\">591-2009-084-15-00<\/td><td class=\"column-2\">Caixa Econ\u00f4mica Federal<\/td><td class=\"column-3\">1\u00aa<\/td><td class=\"column-4\">Trabalhista<\/td><td class=\"column-5\">S\u00e3o Jos\u00e9 dos Campos<\/td><td class=\"column-6\">CTVA<\/td>\n<\/tr>\n<tr class=\"row-8\">\n\t<td class=\"column-1\">1519-2007-138-15-00<\/td><td class=\"column-2\">Caixa Econ\u00f4mica Federal<\/td><td class=\"column-3\">2\u00aa<\/td><td class=\"column-4\">Trabalhista<\/td><td class=\"column-5\">Jacare\u00ed<\/td><td class=\"column-6\">CTVA<\/td>\n<\/tr>\n<tr class=\"row-9\">\n\t<td class=\"column-1\">1553-2007-121-00-00<\/td><td class=\"column-2\">Caixa Econ\u00f4mica Federal<\/td><td class=\"column-3\">2\u00aa<\/td><td class=\"column-4\">Trabalhista<\/td><td class=\"column-5\">S\u00e3o Sebasti\u00e3o<\/td><td class=\"column-6\">CTVA<\/td>\n<\/tr>\n<tr class=\"row-10\">\n\t<td class=\"column-1\">1120-2007-063-15-00<\/td><td class=\"column-2\">Caixa Econ\u00f4mica Federal<\/td><td class=\"column-3\">1\u00aa<\/td><td class=\"column-4\">Trabalhista<\/td><td class=\"column-5\">Caraguatatuba<\/td><td class=\"column-6\">CTVA<\/td>\n<\/tr>\n<tr class=\"row-11\">\n\t<td class=\"column-1\">1330-2008-311-02-00-5<\/td><td class=\"column-2\">Caixa Econ\u00f4mica Federal<\/td><td class=\"column-3\">1\u00aa<\/td><td class=\"column-4\">Trabalhista<\/td><td class=\"column-5\">Guarulhos<\/td><td class=\"column-6\">T Alim<\/td>\n<\/tr>\n<tr class=\"row-12\">\n\t<td class=\"column-1\">1234-2010-084-00-15<\/td><td class=\"column-2\">Caixa Econ\u00f4mica Federal<\/td><td class=\"column-3\">4\u00aa<\/td><td class=\"column-4\">Trabalhista<\/td><td class=\"column-5\">S\u00e3o Jos\u00e9 dos Campos<\/td><td class=\"column-6\">PFG<\/td>\n<\/tr>\n<tr class=\"row-13\">\n\t<td class=\"column-1\">1313-2010-083-00-15<\/td><td class=\"column-2\">Caixa Econ\u00f4mica Federal<\/td><td class=\"column-3\">3\u00aa<\/td><td class=\"column-4\">Trabalhista<\/td><td class=\"column-5\">S\u00e3o Jos\u00e9 dos Campos<\/td><td class=\"column-6\">VP<\/td>\n<\/tr>\n<tr class=\"row-14\">\n\t<td class=\"column-1\">0011413-36.2017.5.15.0013<\/td><td class=\"column-2\">Banco Santander (Brasil) S\/A<\/td><td class=\"column-3\"><\/td><td class=\"column-4\">Coletivo<\/td><td class=\"column-5\">S\u00e3o Jos\u00e9 dos Campos<\/td><td class=\"column-6\">Intervalo intrajornada<\/td>\n<\/tr>\n<tr class=\"row-15\">\n\t<td class=\"column-1\">0011421-44.2017.5.15.0132<\/td><td class=\"column-2\">Banco Mercantil do Brasil S\/A<\/td><td class=\"column-3\">5\u00aa<\/td><td class=\"column-4\">Coletivo<\/td><td class=\"column-5\">S\u00e3o Jos\u00e9 dos Campos<\/td><td class=\"column-6\">Intervalo intrajornada<\/td>\n<\/tr>\n<tr class=\"row-16\">\n\t<td class=\"column-1\">0011414-21.2017.5.15.0013<\/td><td class=\"column-2\">Ita\u00fa Unibanco S\/A<\/td><td class=\"column-3\">1\u00aa<\/td><td class=\"column-4\">Coletivo<\/td><td class=\"column-5\">S\u00e3o Jos\u00e9 dos Campos<\/td><td class=\"column-6\">Intervalo intrajornada<\/td>\n<\/tr>\n<tr class=\"row-17\">\n\t<td class=\"column-1\">0011418-59.2017.5.15.0045<br \/>\n<\/td><td class=\"column-2\">Banco Bradesco S\/A<br \/>\n<\/td><td class=\"column-3\">2\u00aa<\/td><td class=\"column-4\">Coletivo<\/td><td class=\"column-5\">S\u00e3o Jos\u00e9 dos Campos<\/td><td class=\"column-6\">Intervalo intrajornada<\/td>\n<\/tr>\n<tr class=\"row-18\">\n\t<td class=\"column-1\">0011436-60.2017.5.15.0084<br \/>\n<\/td><td class=\"column-2\">Banco do Brasil S\/A<br \/>\n<\/td><td class=\"column-3\">4\u00aa<\/td><td class=\"column-4\">Coletivo<\/td><td class=\"column-5\">S\u00e3o Jos\u00e9 dos Campos<\/td><td class=\"column-6\">Intervalo intrajornada<\/td>\n<\/tr>\n<tr class=\"row-19\">\n\t<td class=\"column-1\">0011437-45.2017.5.15.0084<br \/>\n<\/td><td class=\"column-2\">Banco Santander (Brasil) S\/A<br \/>\n<\/td><td class=\"column-3\">4\u00aa<\/td><td class=\"column-4\">Coletivo<\/td><td class=\"column-5\">S\u00e3o Jos\u00e9 dos Campos<\/td><td class=\"column-6\">Intervalo da mulher, art. 384<\/td>\n<\/tr>\n<tr class=\"row-20\">\n\t<td class=\"column-1\">0011422-29.2017.5.15.0132<br \/>\n<\/td><td class=\"column-2\">Banco Mercantil do Brasil S\/A<br \/>\n<\/td><td class=\"column-3\">5\u00aa<\/td><td class=\"column-4\">Coletivo<\/td><td class=\"column-5\">S\u00e3o Jos\u00e9 dos Campos<\/td><td class=\"column-6\">Intervalo da mulher, art. 384<\/td>\n<\/tr>\n<tr class=\"row-21\">\n\t<td class=\"column-1\">0011415-06.2017.5.15.0013<br \/>\n<\/td><td class=\"column-2\">Ita\u00fa Unibanco S\/A<br \/>\n<\/td><td class=\"column-3\">1\u00aa<\/td><td class=\"column-4\">Coletivo<\/td><td class=\"column-5\">S\u00e3o Jos\u00e9 dos Campos<\/td><td class=\"column-6\">Intervalo da mulher, art. 384<\/td>\n<\/tr>\n<tr class=\"row-22\">\n\t<td class=\"column-1\">0011438-30.2017.5.15.0084<br \/>\n<\/td><td class=\"column-2\">Caixa Econ\u00f4mica Federal<br \/>\n<\/td><td class=\"column-3\">4\u00aa<\/td><td class=\"column-4\">Coletivo<\/td><td class=\"column-5\">S\u00e3o Jos\u00e9 dos Campos<\/td><td class=\"column-6\">Intervalo da mulher, art. 384<\/td>\n<\/tr>\n<tr class=\"row-23\">\n\t<td class=\"column-1\">0011419-44.2017.5.15.0045<br \/>\n<\/td><td class=\"column-2\">Banco do Brasil S\/A<br \/>\n<\/td><td class=\"column-3\">2\u00aa<\/td><td class=\"column-4\">Coletivo<\/td><td class=\"column-5\">S\u00e3o Jos\u00e9 dos Campos<\/td><td class=\"column-6\">Intervalo da mulher, art. 384<\/td>\n<\/tr>\n<tr class=\"row-24\">\n\t<td class=\"column-1\">0011423-14.2017.5.15.0132<br \/>\n<\/td><td class=\"column-2\">Banco Bradesco S\/A<br \/>\n<\/td><td class=\"column-3\">5\u00aa<\/td><td class=\"column-4\">Coletivo<\/td><td class=\"column-5\">S\u00e3o Jos\u00e9 dos Campos<\/td><td class=\"column-6\">Intervalo da mulher, art. 384<\/td>\n<\/tr>\n<tr class=\"row-25\">\n\t<td class=\"column-1\">0011456-70.2017.5.15.0013<br \/>\n<\/td><td class=\"column-2\">Banco Citibank S\/A<br \/>\n<\/td><td class=\"column-3\">1\u00aa<\/td><td class=\"column-4\">Coletivo<\/td><td class=\"column-5\">S\u00e3o Jos\u00e9 dos Campos<\/td><td class=\"column-6\">Intervalo da mulher, art. 384<\/td>\n<\/tr>\n<tr class=\"row-26\">\n\t<td class=\"column-1\">0011465-63.2017.5.15.0132<br \/>\n<\/td><td class=\"column-2\">Banco Safra S\/A<br \/>\n<\/td><td class=\"column-3\">5\u00aa<\/td><td class=\"column-4\">Coletivo<\/td><td class=\"column-5\">S\u00e3o Jos\u00e9 dos Campos<\/td><td class=\"column-6\">Intervalo intrajornada<\/td>\n<\/tr>\n<tr class=\"row-27\">\n\t<td class=\"column-1\">0011461-93.2017.5.15.0045<br \/>\n<\/td><td class=\"column-2\">Banco Citibank S\/A<br \/>\n<\/td><td class=\"column-3\">2\u00aa<\/td><td class=\"column-4\">Coletivo<\/td><td class=\"column-5\">S\u00e3o Jos\u00e9 dos Campos<\/td><td class=\"column-6\">Intervalo intrajornada<\/td>\n<\/tr>\n<tr class=\"row-28\">\n\t<td class=\"column-1\">0011488-56.2017.5.15.0084<br \/>\n<\/td><td class=\"column-2\">Banco Safra S\/A<br \/>\n<\/td><td class=\"column-3\">4\u00aa<\/td><td class=\"column-4\">Coletivo<\/td><td class=\"column-5\">S\u00e3o Jos\u00e9 dos Campos<\/td><td class=\"column-6\">Intervalo intrajornada<\/td>\n<\/tr>\n<tr class=\"row-29\">\n\t<td class=\"column-1\">0011617-80.2017.5.15.0013<br \/>\n<\/td><td class=\"column-2\">Alfa Servi\u00e7os Administrativos LTDA<br \/>\n<\/td><td class=\"column-3\">1\u00aa<\/td><td class=\"column-4\">Coletivo<\/td><td class=\"column-5\">S\u00e3o Jos\u00e9 dos Campos<\/td><td class=\"column-6\">Intervalo da mulher, art. 384<\/td>\n<\/tr>\n<tr class=\"row-30\">\n\t<td class=\"column-1\">0011622-86.2017.5.15.0083<br \/>\n<\/td><td class=\"column-2\">BV Financeira S.A <br \/>\n<\/td><td class=\"column-3\">3\u00aa<\/td><td class=\"column-4\">Coletivo<\/td><td class=\"column-5\">S\u00e3o Jos\u00e9 dos Campos<\/td><td class=\"column-6\">Intervalo da mulher, art. 384<\/td>\n<\/tr>\n<tr class=\"row-31\">\n\t<td class=\"column-1\">0011621-21.2017.5.15.0045<br \/>\n<\/td><td class=\"column-2\">Alfa Servi\u00e7os Administrativos LTDA<br \/>\n<\/td><td class=\"column-3\">2\u00aa<\/td><td class=\"column-4\">Coletivo<\/td><td class=\"column-5\">S\u00e3o Jos\u00e9 dos Campos<\/td><td class=\"column-6\">Intervalo de 60' para banc\u00e1rio de 6h com jornada extraordin\u00e1ria<\/td>\n<\/tr>\n<tr class=\"row-32\">\n\t<td class=\"column-1\">0011618-65.2017.5.15.0013<br \/>\n<\/td><td class=\"column-2\">BV Financeira S\/A <br \/>\n<\/td><td class=\"column-3\">1\u00aa<\/td><td class=\"column-4\">Coletivo<\/td><td class=\"column-5\">S\u00e3o Jos\u00e9 dos Campos<\/td><td class=\"column-6\">Intervalo de 60' para banc\u00e1rio de 6h com jornada extraordin\u00e1ria<\/td>\n<\/tr>\n<tr class=\"row-33\">\n\t<td class=\"column-1\">0011671-30.2017.5.15.0083<br \/>\n<\/td><td class=\"column-2\">Caixa Econ\u00f4mica Federal<br \/>\n<\/td><td class=\"column-3\">3\u00aa<\/td><td class=\"column-4\">Coletivo<\/td><td class=\"column-5\">S\u00e3o Jos\u00e9 dos Campos<\/td><td class=\"column-6\">S\u00e1bado 100%<\/td>\n<\/tr>\n<tr class=\"row-34\">\n\t<td class=\"column-1\">0011678-38.2017.5.15.0013<br \/>\n<\/td><td class=\"column-2\">Banco Santander (Brasil) S\/A<br \/>\n<\/td><td class=\"column-3\">1\u00aa<\/td><td class=\"column-4\">Coletivo<\/td><td class=\"column-5\">S\u00e3o Jos\u00e9 dos Campos<\/td><td class=\"column-6\">Protesto Interruptivo<\/td>\n<\/tr>\n<tr class=\"row-35\">\n\t<td class=\"column-1\">0011701-15.2017.5.15.0132<br \/>\n<\/td><td class=\"column-2\">Banco Safra S\/A<br \/>\n<\/td><td class=\"column-3\">5\u00aa<\/td><td class=\"column-4\">Coletivo<\/td><td class=\"column-5\">S\u00e3o Jos\u00e9 dos Campos<\/td><td class=\"column-6\">Protesto Interruptivo<\/td>\n<\/tr>\n<tr class=\"row-36\">\n\t<td class=\"column-1\">0011700-30.2017.5.15.0132<br \/>\n<\/td><td class=\"column-2\">Banco Mercantil do Brasil S\/A<br \/>\n<\/td><td class=\"column-3\">5\u00aa<\/td><td class=\"column-4\">Coletivo<\/td><td class=\"column-5\">S\u00e3o Jos\u00e9 dos Campos<\/td><td class=\"column-6\">Protesto Interruptivo<\/td>\n<\/tr>\n<tr class=\"row-37\">\n\t<td class=\"column-1\">0011699-45.2017.5.15.0132<br \/>\n<\/td><td class=\"column-2\">Ita\u00fa Unibanco S\/A<br \/>\n<\/td><td class=\"column-3\">5\u00aa<\/td><td class=\"column-4\">Coletivo<\/td><td class=\"column-5\">S\u00e3o Jos\u00e9 dos Campos<\/td><td class=\"column-6\">Protesto Interruptivo<\/td>\n<\/tr>\n<tr class=\"row-38\">\n\t<td class=\"column-1\">0011706-84.2017.5.15.0084<br \/>\n<\/td><td class=\"column-2\">Caixa Econ\u00f4mica Federal<br \/>\n<\/td><td class=\"column-3\">4\u00aa<\/td><td class=\"column-4\">Coletivo<\/td><td class=\"column-5\">S\u00e3o Jos\u00e9 dos Campos<\/td><td class=\"column-6\">Protesto Interruptivo<\/td>\n<\/tr>\n<tr class=\"row-39\">\n\t<td class=\"column-1\">0011677-53.2017.5.15.0013<br \/>\n<\/td><td class=\"column-2\">Banco Citibank S\/A<br \/>\n<\/td><td class=\"column-3\">1\u00aa<\/td><td class=\"column-4\">Coletivo<\/td><td class=\"column-5\">S\u00e3o Jos\u00e9 dos Campos<\/td><td class=\"column-6\">Protesto Interruptivo<\/td>\n<\/tr>\n<tr class=\"row-40\">\n\t<td class=\"column-1\">0011677-54.2017.5.15.0045<br \/>\n<\/td><td class=\"column-2\">Banco Bradesco S\/A<br \/>\n<\/td><td class=\"column-3\">2\u00aa<\/td><td class=\"column-4\">Coletivo<\/td><td class=\"column-5\">S\u00e3o Jos\u00e9 dos Campos<\/td><td class=\"column-6\">Protesto Interruptivo<\/td>\n<\/tr>\n<tr class=\"row-41\">\n\t<td class=\"column-1\">0011698-13.2017.5.15.0083<br \/>\n<\/td><td class=\"column-2\">Banco do Brasil S\/A<br \/>\n<\/td><td class=\"column-3\">3\u00aa<\/td><td class=\"column-4\">Coletivo<\/td><td class=\"column-5\">S\u00e3o Jos\u00e9 dos Campos<\/td><td class=\"column-6\">Protesto Interruptivo<\/td>\n<\/tr>\n<tr class=\"row-42\">\n\t<td class=\"column-1\">0011710-27.2017.5.15.0083<br \/>\n<\/td><td class=\"column-2\">Banco Bradesco S\/A<br \/>\n<\/td><td class=\"column-3\">3\u00aa<\/td><td class=\"column-4\">Coletivo<\/td><td class=\"column-5\">S\u00e3o Jos\u00e9 dos Campos<\/td><td class=\"column-6\">PLR (HSBC)<\/td>\n<\/tr>\n<tr class=\"row-43\">\n\t<td class=\"column-1\">0011714-64.2017.5.15.0083<br \/>\n<\/td><td class=\"column-2\">Banco Bradesco S\/A e outros<br \/>\n<\/td><td class=\"column-3\">3\u00aa<\/td><td class=\"column-4\">Coletivo<\/td><td class=\"column-5\">S\u00e3o Jos\u00e9 dos Campos<\/td><td class=\"column-6\">Enquadramento banc\u00e1rio<br \/>\n<\/td>\n<\/tr>\n<tr class=\"row-44\">\n\t<td class=\"column-1\">0011859-20.2017.5.15.0084<br \/>\n<\/td><td class=\"column-2\">Caixa Econ\u00f4mica Federal<br \/>\n<\/td><td class=\"column-3\">4\u00aa<\/td><td class=\"column-4\">Coletivo<\/td><td class=\"column-5\">S\u00e3o Jos\u00e9 dos Campos<\/td><td class=\"column-6\">Quebra de Caixa - tesoureiros e avaliadores <\/td>\n<\/tr>\n<tr class=\"row-45\">\n\t<td class=\"column-1\">0011847-56.2017.5.15.0132<br \/>\n<\/td><td class=\"column-2\">Banco Bradesco S\/A <br \/>\n<\/td><td class=\"column-3\">5\u00aa<\/td><td class=\"column-4\">Coletivo<\/td><td class=\"column-5\">S\u00e3o Jos\u00e9 dos Campos<\/td><td class=\"column-6\">Km Rodado<\/td>\n<\/tr>\n<tr class=\"row-46\">\n\t<td class=\"column-1\">0011846-71.2017.5.15.0132<br \/>\n<\/td><td class=\"column-2\">Banco Santander (Brasil) S\/A<br \/>\n<\/td><td class=\"column-3\">5\u00aa<\/td><td class=\"column-4\">Coletivo<\/td><td class=\"column-5\">S\u00e3o Jos\u00e9 dos Campos<\/td><td class=\"column-6\">Gratifica\u00e7\u00e3o especial<\/td>\n<\/tr>\n<tr class=\"row-47\">\n\t<td class=\"column-1\">0011858-35.2017.5.15.0084<br \/>\n<\/td><td class=\"column-2\">Caixa Econ\u00f4mica Federal<br \/>\n<\/td><td class=\"column-3\">4\u00aa<\/td><td class=\"column-4\">Coletivo<\/td><td class=\"column-5\">S\u00e3o Jos\u00e9 dos Campos<\/td><td class=\"column-6\">Caixa minuto<\/td>\n<\/tr>\n<tr class=\"row-48\">\n\t<td class=\"column-1\">0011841-18.2017.5.15.0013<br \/>\n<\/td><td class=\"column-2\">Caixa Econ\u00f4mica Federal<br \/>\n<\/td><td class=\"column-3\">1\u00aa<\/td><td class=\"column-4\">Coletivo<\/td><td class=\"column-5\">S\u00e3o Jos\u00e9 dos Campos<\/td><td class=\"column-6\">A\u00e7\u00e3o Declarat\u00f3ria<\/td>\n<\/tr>\n<tr class=\"row-49\">\n\t<td class=\"column-1\">0010022-30.2017.5.15.0083<\/td><td class=\"column-2\">Caixa Econ\u00f4mica Federal<\/td><td class=\"column-3\">3\u00aa<\/td><td class=\"column-4\">Coletivo<\/td><td class=\"column-5\">S\u00e3o Jos\u00e9 dos Campos<\/td><td class=\"column-6\">Quebra de caixa<\/td>\n<\/tr>\n<tr class=\"row-50\">\n\t<td class=\"column-1\">0010672-77.2017.5.15.0083<\/td><td class=\"column-2\">Banco do Brasil S\/A<\/td><td class=\"column-3\">3\u00aa<\/td><td class=\"column-4\">Coletivo<\/td><td class=\"column-5\">S\u00e3o Jos\u00e9 dos Campos<\/td><td class=\"column-6\">Reestrutura\u00e7\u00e3o - gratifica\u00e7\u00e3o de fun\u00e7\u00e3o<\/td>\n<\/tr>\n<tr class=\"row-51\">\n\t<td class=\"column-1\">0010808-91.2017.5.15.0045<\/td><td class=\"column-2\">Caixa Econ\u00f4mica Federal<\/td><td class=\"column-3\">2\u00aa<\/td><td class=\"column-4\">Coletivo<\/td><td class=\"column-5\">S\u00e3o Jos\u00e9 dos Campos<\/td><td class=\"column-6\">Direito de greve<\/td>\n<\/tr>\n<tr class=\"row-52\">\n\t<td class=\"column-1\">0011042-53.2017.5.15.0084<\/td><td class=\"column-2\">Banco do Brasil S\/A<\/td><td class=\"column-3\">4\u00aa<\/td><td class=\"column-4\">Coletivo<\/td><td class=\"column-5\">S\u00e3o Jos\u00e9 dos Campos<\/td><td class=\"column-6\">Direito de greve <\/td>\n<\/tr>\n<tr class=\"row-53\">\n\t<td class=\"column-1\">0011997-06.2017.5.15.0013<\/td><td class=\"column-2\">Banco do Brasil S\/A<\/td><td class=\"column-3\">1\u00aa<\/td><td class=\"column-4\">Coletivo<\/td><td class=\"column-5\">S\u00e3o Jos\u00e9 dos Campos<\/td><td class=\"column-6\">Reestrutura\u00e7\u00e3o 2016 - A\u00e7\u00e3o para manuten\u00e7\u00e3o da gratifica\u00e7\u00e3o para quem tem<\/td>\n<\/tr>\n<tr class=\"row-54\">\n\t<td class=\"column-1\">0012020-30.2017.5.15.0084<\/td><td class=\"column-2\">Banco do Brasil S\/A<\/td><td class=\"column-3\">4\u00aa<\/td><td class=\"column-4\">Coletivo<\/td><td class=\"column-5\">S\u00e3o Jos\u00e9 dos Campos<\/td><td class=\"column-6\">Pagamento do Anu\u00eanio do BB<\/td>\n<\/tr>\n<tr class=\"row-55\">\n\t<td class=\"column-1\">0012019-45.2017.5.15.0084<\/td><td class=\"column-2\">Banco do Brasil S\/A<\/td><td class=\"column-3\">4\u00aa<\/td><td class=\"column-4\">Coletivo<\/td><td class=\"column-5\">S\u00e3o Jos\u00e9 dos Campos<\/td><td class=\"column-6\">Pagamento da 7\u00aa e 8\u00aa hora como extra de auxiliar administrativo<\/td>\n<\/tr>\n<tr class=\"row-56\">\n\t<td class=\"column-1\">0012018-60.2017.5.15.0084<\/td><td class=\"column-2\">Banco do Brasil S\/A<\/td><td class=\"column-3\">4\u00aa<\/td><td class=\"column-4\">Coletivo<\/td><td class=\"column-5\">S\u00e3o Jos\u00e9 dos Campos<\/td><td class=\"column-6\">Pagamento da 7\u00aa e 8\u00aa hora como extra de analista \"B\" em unidade t\u00e1tica<\/td>\n<\/tr>\n<tr class=\"row-57\">\n\t<td class=\"column-1\">0012010-36.2017.5.15.0132<\/td><td class=\"column-2\">Banco do Brasil S\/A<\/td><td class=\"column-3\">5\u00aa<\/td><td class=\"column-4\">Coletivo<\/td><td class=\"column-5\">S\u00e3o Jos\u00e9 dos Campos<\/td><td class=\"column-6\">Pagamento da 7\u00aa e 8\u00aa hora como extra de analista \"B\" em unidade  de apoio<\/td>\n<\/tr>\n<tr class=\"row-58\">\n\t<td class=\"column-1\">0012012-56.2017.5.15.0083<\/td><td class=\"column-2\">Banco do Brasil S\/A<\/td><td class=\"column-3\">3\u00aa<\/td><td class=\"column-4\">Coletivo<\/td><td class=\"column-5\">S\u00e3o Jos\u00e9 dos Campos<\/td><td class=\"column-6\">Pagamento da 7\u00aa e 8\u00aa hora como extra de ASNEG \"B\"<\/td>\n<\/tr>\n<tr class=\"row-59\">\n\t<td class=\"column-1\">0012017-75.2017.5.15.0084<\/td><td class=\"column-2\">Banco do Brasil S\/A<\/td><td class=\"column-3\">4\u00aa<\/td><td class=\"column-4\">Coletivo<\/td><td class=\"column-5\">S\u00e3o Jos\u00e9 dos Campos<\/td><td class=\"column-6\">Pagamento da 7\u00aa e 8\u00aa hora como extra de analista \"A\" em unidade t\u00e1tica<\/td>\n<\/tr>\n<tr class=\"row-60\">\n\t<td class=\"column-1\">0012016-90.2017.5.15.0084<\/td><td class=\"column-2\">Banco do Brasil S\/A<\/td><td class=\"column-3\">4\u00aa<\/td><td class=\"column-4\">Coletivo<\/td><td class=\"column-5\">S\u00e3o Jos\u00e9 dos Campos<\/td><td class=\"column-6\">Pagamento da 7\u00aa e 8\u00aa hora como extra de analista \"A\" em unidade  de apoio<\/td>\n<\/tr>\n<\/tbody>\n<tfoot>\n<tr class=\"row-61\">\n\t<th class=\"column-1\">0012015-08.2017.5.15.0084<\/th><th class=\"column-2\">\tBanco do Brasil S\/A<\/th><th class=\"column-3\">4\u00aa<\/th><th class=\"column-4\">Coletivo<\/th><th class=\"column-5\">S\u00e3o Jos\u00e9 dos Campos<\/th><th class=\"column-6\">Pagamento da 7\u00aa e 8\u00aa hora como extra de ASNEG \"A\"<\/th>\n<\/tr>\n<\/tfoot>\n<\/table>\n<!-- #tablepress-1 from cache -->\n","protected":false},"excerpt":{"rendered":"<p class=\"excerpt\">Processos com data anterior a 2014 clique aqui Processos com data posterior a 2014 clique aqui Para consultar copie e cole o n\u00famero do processo na p\u00e1gina.<\/p>\n","protected":false},"author":1,"featured_media":0,"parent":0,"menu_order":0,"comment_status":"closed","ping_status":"closed","template":"","meta":{"_et_pb_use_builder":"","_et_pb_old_content":"","_et_gb_content_width":"","footnotes":""},"class_list":["post-599","page","type-page","status-publish","hentry"],"_links":{"self":[{"href":"https:\/\/sjcbancarios.com.br\/site\/wp-json\/wp\/v2\/pages\/599","targetHints":{"allow":["GET"]}}],"collection":[{"href":"https:\/\/sjcbancarios.com.br\/site\/wp-json\/wp\/v2\/pages"}],"about":[{"href":"https:\/\/sjcbancarios.com.br\/site\/wp-json\/wp\/v2\/types\/page"}],"author":[{"embeddable":true,"href":"https:\/\/sjcbancarios.com.br\/site\/wp-json\/wp\/v2\/users\/1"}],"replies":[{"embeddable":true,"href":"https:\/\/sjcbancarios.com.br\/site\/wp-json\/wp\/v2\/comments?post=599"}],"version-history":[{"count":0,"href":"https:\/\/sjcbancarios.com.br\/site\/wp-json\/wp\/v2\/pages\/599\/revisions"}],"wp:attachment":[{"href":"https:\/\/sjcbancarios.com.br\/site\/wp-json\/wp\/v2\/media?parent=599"}],"curies":[{"name":"wp","href":"https:\/\/api.w.org\/{rel}","templated":true}]}}