{"id":3122,"date":"2018-02-15T16:46:36","date_gmt":"2018-02-15T18:46:36","guid":{"rendered":"http:\/\/sjcbancarios.com.br\/site\/?page_id=3122"},"modified":"2018-02-16T16:59:58","modified_gmt":"2018-02-16T18:59:58","slug":"subsedes","status":"publish","type":"page","link":"https:\/\/sjcbancarios.com.br\/site\/subsedes\/","title":{"rendered":"Subsedes"},"content":{"rendered":"<div id=\"pl-3122\"  class=\"panel-layout\" ><div id=\"pg-3122-0\"  class=\"panel-grid panel-no-style\" ><div id=\"pgc-3122-0-0\"  class=\"panel-grid-cell\" ><div id=\"panel-3122-0-0-0\" class=\"so-panel widget widget_sow-editor panel-first-child panel-last-child\" data-index=\"0\" ><div\n\t\t\t\n\t\t\tclass=\"so-widget-sow-editor so-widget-sow-editor-base\"\n\t\t\t\n\t\t>\n<div class=\"siteorigin-widget-tinymce textwidget\">\n\t<p><strong>Subsede Jacare\u00ed<\/strong> <br \/>Endere\u00e7o: Rua Bar\u00e3o de Jacare\u00ed, 108 - Jacare\u00ed\/SP<br \/>CEP: 12308-001<br \/><span style=\"font-size: 16px;\">Telefone: (12) 3951-4388<\/span><br \/> Email: <span style=\"color: #ff0000;\"><strong><a style=\"color: #ff0000;\" href=\"mailto:seebjacarei@sjcbancarios.com.br\">seebjacarei@sjcbancarios.com.br<\/a><\/strong><\/span><\/p>\n<hr \/>\n<!-- Widget Shortcode --><div id=\"sow-google-map-3\" class=\"widget widget_sow-google-map widget-shortcode area-arbitrary \"><div\n\t\t\t\n\t\t\tclass=\"so-widget-sow-google-map so-widget-sow-google-map-default-6b23895f316e\"\n\t\t\t\n\t\t>\n<div class=\"sow-google-map-canvas\"\n\tstyle=\"\"\n\tid=\"map-canvas-6e58fd851b990c7b30b197f775e1aabb\"\n\tdata-options=\"{&quot;address&quot;:&quot;Rua Bar\\u00e3o de Jacare\\u00ed, 108 - Jacare\\u00ed - SP - CEP: 12308-001&quot;,&quot;zoom&quot;:18,&quot;mobileZoom&quot;:18,&quot;gestureHandling&quot;:&quot;greedy&quot;,&quot;disableUi&quot;:false,&quot;markerIcon&quot;:false,&quot;markersDraggable&quot;:false,&quot;markerAtCenter&quot;:true,&quot;markerInfoDisplay&quot;:&quot;click&quot;,&quot;markerInfoMultiple&quot;:true,&quot;markerPositions&quot;:false,&quot;mapName&quot;:false,&quot;mapStyles&quot;:false,&quot;directions&quot;:&quot;&quot;,&quot;apiKey&quot;:&quot;AIzaSyDIAA6cNZ8g4fdmqeaJ6cgwMXrBgruvVxY&quot;,&quot;breakpoint&quot;:780,&quot;id&quot;:&quot;69ebf8&quot;}\"\n\tdata-fallback-image=\"{&quot;img&quot;:&quot;&quot;}\"><\/div>\n<\/div><\/div><!-- \/Widget Shortcode -->\n<\/div>\n<\/div><\/div><\/div><div id=\"pgc-3122-0-1\"  class=\"panel-grid-cell\" ><div id=\"panel-3122-0-1-0\" class=\"so-panel widget widget_sow-editor panel-first-child panel-last-child\" data-index=\"1\" ><div\n\t\t\t\n\t\t\tclass=\"so-widget-sow-editor so-widget-sow-editor-base\"\n\t\t\t\n\t\t>\n<div class=\"siteorigin-widget-tinymce textwidget\">\n\t<p><strong>Subsede Caraguatatuba<\/strong><br \/>Endere\u00e7o: Pra\u00e7a C\u00e2ndido Mota, 193, 2\u00ba Piso, Sala 42<br \/>Centro - Caraguatatuba\/SP - CEP: 11660-060<br \/><span style=\"font-size: 16px;\">Telefone: (12) 3882-1613<br \/><\/span>Email: <span style=\"color: #ff0000;\"><strong><a style=\"color: #ff0000;\" href=\"mailto:seebcaragua@sjcbancarios.com.br\">seebcaragua@sjcbancarios.com.br<\/a><\/strong><\/span><\/p>\n<hr \/>\n<!-- Widget Shortcode --><div id=\"sow-google-map-4\" class=\"widget widget_sow-google-map widget-shortcode area-arbitrary \"><div\n\t\t\t\n\t\t\tclass=\"so-widget-sow-google-map so-widget-sow-google-map-default-6b23895f316e\"\n\t\t\t\n\t\t>\n<div class=\"sow-google-map-canvas\"\n\tstyle=\"\"\n\tid=\"map-canvas-d7f54771bcf5051c1478c9679a5b81d8\"\n\tdata-options=\"{&quot;address&quot;:&quot;Pra\\u00e7a C\\u00e2ndido Mota, 193, Centro - Caraguatatuba - SP - CEP: 11660-060&quot;,&quot;zoom&quot;:18,&quot;mobileZoom&quot;:18,&quot;gestureHandling&quot;:&quot;greedy&quot;,&quot;disableUi&quot;:false,&quot;markerIcon&quot;:false,&quot;markersDraggable&quot;:false,&quot;markerAtCenter&quot;:true,&quot;markerInfoDisplay&quot;:&quot;click&quot;,&quot;markerInfoMultiple&quot;:true,&quot;markerPositions&quot;:false,&quot;mapName&quot;:false,&quot;mapStyles&quot;:false,&quot;directions&quot;:&quot;&quot;,&quot;apiKey&quot;:&quot;AIzaSyDIAA6cNZ8g4fdmqeaJ6cgwMXrBgruvVxY&quot;,&quot;breakpoint&quot;:780,&quot;id&quot;:&quot;69ebf8&quot;}\"\n\tdata-fallback-image=\"{&quot;img&quot;:&quot;&quot;}\"><\/div>\n<\/div><\/div><!-- \/Widget Shortcode -->\n<\/div>\n<\/div><\/div><\/div><\/div><\/div>","protected":false},"excerpt":{"rendered":"<p class=\"excerpt\">Subsede Jacare\u00ed Endere\u00e7o: Rua Bar\u00e3o de Jacare\u00ed, 108 &#8211; Jacare\u00ed\/SPCEP: 12308-001Telefone: (12) 3951-4388 Email: seebjacarei@sjcbancarios.com.br Subsede CaraguatatubaEndere\u00e7o: Pra\u00e7a C\u00e2ndido Mota, 193, 2\u00ba Piso, Sala 42Centro &#8211; Caraguatatuba\/SP &#8211; CEP: 11660-060Telefone: (12) 3882-1613Email: seebcaragua@sjcbancarios.com.br<\/p>\n","protected":false},"author":1,"featured_media":0,"parent":0,"menu_order":0,"comment_status":"closed","ping_status":"closed","template":"","meta":{"_et_pb_use_builder":"","_et_pb_old_content":"","_et_gb_content_width":"","footnotes":""},"class_list":["post-3122","page","type-page","status-publish","hentry"],"_links":{"self":[{"href":"https:\/\/sjcbancarios.com.br\/site\/wp-json\/wp\/v2\/pages\/3122","targetHints":{"allow":["GET"]}}],"collection":[{"href":"https:\/\/sjcbancarios.com.br\/site\/wp-json\/wp\/v2\/pages"}],"about":[{"href":"https:\/\/sjcbancarios.com.br\/site\/wp-json\/wp\/v2\/types\/page"}],"author":[{"embeddable":true,"href":"https:\/\/sjcbancarios.com.br\/site\/wp-json\/wp\/v2\/users\/1"}],"replies":[{"embeddable":true,"href":"https:\/\/sjcbancarios.com.br\/site\/wp-json\/wp\/v2\/comments?post=3122"}],"version-history":[{"count":0,"href":"https:\/\/sjcbancarios.com.br\/site\/wp-json\/wp\/v2\/pages\/3122\/revisions"}],"wp:attachment":[{"href":"https:\/\/sjcbancarios.com.br\/site\/wp-json\/wp\/v2\/media?parent=3122"}],"curies":[{"name":"wp","href":"https:\/\/api.w.org\/{rel}","templated":true}]}}