{"id":2458,"date":"2018-01-28T14:49:33","date_gmt":"2018-01-28T16:49:33","guid":{"rendered":"http:\/\/sjcbancarios.com.br\/site\/?page_id=2458"},"modified":"2022-03-09T17:10:30","modified_gmt":"2022-03-09T20:10:30","slug":"whatsapp-cadastre-se","status":"publish","type":"page","link":"https:\/\/sjcbancarios.com.br\/site\/whatsapp-cadastre-se\/","title":{"rendered":"Whatsapp &#8211; Cadastre-se"},"content":{"rendered":"<p>Cadastre seu celular para receber informa\u00e7\u00f5es via <strong>WHATSAPP<\/strong>.<br \/>\nServi\u00e7o Exclusivo para Sindicalizado.<\/p>\n<div class=\"caldera-grid\" id=\"caldera_form_1\" data-cf-ver=\"1.9.4\" data-cf-form-id=\"CF5a6dfd0a5114c\"><div id=\"caldera_notices_1\" data-spinner=\"https:\/\/sjcbancarios.com.br\/site\/wp-admin\/images\/spinner.gif\"><\/div><form data-instance=\"1\" class=\"CF5a6dfd0a5114c caldera_forms_form cfajax-trigger\" method=\"POST\" enctype=\"multipart\/form-data\" id=\"CF5a6dfd0a5114c_1\" data-form-id=\"CF5a6dfd0a5114c\" aria-label=\"SMS\" data-target=\"#caldera_notices_1\" data-template=\"#cfajax_CF5a6dfd0a5114c-tmpl\" data-cfajax=\"CF5a6dfd0a5114c\" data-load-element=\"_parent\" data-load-class=\"cf_processing\" data-post-disable=\"0\" data-action=\"cf_process_ajax_submit\" data-request=\"https:\/\/sjcbancarios.com.br\/site\/cf-api\/CF5a6dfd0a5114c\" data-hiderows=\"true\">\r\n<input type=\"hidden\" id=\"_cf_verify_CF5a6dfd0a5114c\" name=\"_cf_verify\" value=\"be8adf9116\"  data-nonce-time=\"1776960364\" \/><input type=\"hidden\" name=\"_wp_http_referer\" value=\"\/site\/wp-json\/wp\/v2\/pages\/2458\" \/><div id=\"cf2-CF5a6dfd0a5114c_1\"><\/div><input type=\"hidden\" name=\"_cf_frm_id\" value=\"CF5a6dfd0a5114c\">\r\n<input type=\"hidden\" name=\"_cf_frm_ct\" value=\"1\">\r\n<input type=\"hidden\" name=\"cfajax\" value=\"CF5a6dfd0a5114c\">\r\n<input type=\"hidden\" name=\"_cf_cr_pst\" value=\"2458\">\r\n<div class=\"hide\" style=\"display:none; overflow:hidden;height:0;width:0;\">\r\n<label>Twitter<\/label><input type=\"text\" name=\"twitter\" value=\"\" autocomplete=\"off\">\r\n<\/div><div id=\"CF5a6dfd0a5114c_1-row-1\"  class=\"row  first_row\"><div  class=\"col-sm-6  first_col\"><div data-field-wrapper=\"fld_5220174\" class=\"form-group\" id=\"fld_5220174_1-wrap\">\r\n\t<label id=\"fld_5220174Label\" for=\"fld_5220174_1\" class=\"control-label\">Nome do Respons\u00e1vel <span aria-hidden=\"true\" role=\"presentation\" class=\"field_required\" style=\"color:#ee0000;\">*<\/span><\/label>\r\n\t<div class=\"\">\r\n\t\t<input   required type=\"text\" data-field=\"fld_5220174\" class=\" form-control\" id=\"fld_5220174_1\" name=\"fld_5220174\" value=\"\" data-type=\"text\" aria-required=\"true\"   aria-labelledby=\"fld_5220174Label\" >\t\t\t<\/div>\r\n<\/div>\r\n<\/div><div  class=\"col-sm-6  last_col\"><div data-field-wrapper=\"fld_6009157\" class=\"form-group\" id=\"fld_6009157_1-wrap\">\r\n\t<label id=\"fld_6009157Label\" for=\"fld_6009157_1\" class=\"control-label\">Email <span aria-hidden=\"true\" role=\"presentation\" class=\"field_required\" style=\"color:#ee0000;\">*<\/span><\/label>\r\n\t<div class=\"\">\r\n\t\t<input   required type=\"email\" data-field=\"fld_6009157\" class=\" form-control\" id=\"fld_6009157_1\" name=\"fld_6009157\" value=\"\" data-type=\"email\" aria-required=\"true\"   aria-labelledby=\"fld_6009157Label\" >\t\t\t<\/div>\r\n<\/div>\r\n<\/div><\/div><div id=\"CF5a6dfd0a5114c_1-row-2\"  class=\"row \"><div  class=\"col-sm-6  first_col\"><div data-field-wrapper=\"fld_1450105\" class=\"form-group\" id=\"fld_1450105_1-wrap\">\r\n<label id=\"fld_1450105Label\" for=\"fld_1450105_1\" class=\"control-label\">Sexo <span aria-hidden=\"true\" role=\"presentation\" class=\"field_required\" style=\"color:#ee0000;\">*<\/span><\/label>\r\n<div class=\"\">\r\n\t\t\t\t<label class=\"radio-inline\" data-label=\"Masculino\" for=\"fld_1450105_1_opt1888213\"><input type=\"radio\" id=\"fld_1450105_1_opt1888213\" data-field=\"fld_1450105\" class=\"fld_1450105_1 option-required\" name=\"fld_1450105\" value=\"Masculino\"   required=\"required\" data-radio-field=\"fld_1450105_1\" data-type=\"radio\" data-calc-value=\"Masculino\" \/>\n\t\t\tMasculino\t\t<\/label>\n\t\t\t\t\t\t\t\t<label class=\"radio-inline\" data-label=\"Feminino\" for=\"fld_1450105_1_opt1178180\"><input type=\"radio\" id=\"fld_1450105_1_opt1178180\" data-field=\"fld_1450105\" class=\"fld_1450105_1 option-required\" name=\"fld_1450105\" value=\"Feminino\"   required=\"required\" data-radio-field=\"fld_1450105_1\" data-type=\"radio\" data-calc-value=\"Feminino\" \/>\n\t\t\tFeminino\t\t<\/label>\n\t\t\t\t<\/div>\r\n<\/div>\r\n<\/div><div  class=\"col-sm-6  last_col\"><\/div><\/div><div id=\"CF5a6dfd0a5114c_1-row-3\"  class=\"row \"><div  class=\"col-sm-3  first_col\"><div data-field-wrapper=\"fld_8196825\" class=\"form-group\" id=\"fld_8196825_1-wrap\">\r\n\t<label id=\"fld_8196825Label\" for=\"fld_8196825_1\" class=\"control-label\">DDD + Celular <span aria-hidden=\"true\" role=\"presentation\" class=\"field_required\" style=\"color:#ee0000;\">*<\/span><\/label>\r\n\t<div class=\"\">\r\n\t\t<input  data-inputmask=\"'mask': '(99)99999-9999'\"  required type=\"phone\" data-field=\"fld_8196825\" class=\" form-control\" id=\"fld_8196825_1\" name=\"fld_8196825\" value=\"\" data-type=\"phone\" aria-required=\"true\"   aria-labelledby=\"fld_8196825Label\" >\t\t\t<\/div>\r\n<\/div>\r\n<\/div><div  class=\"col-sm-5 \"><div data-field-wrapper=\"fld_8395025\" class=\"form-group\" id=\"fld_8395025_1-wrap\">\r\n\t<label id=\"fld_8395025Label\" for=\"fld_8395025_1\" class=\"control-label\">Operadora <span aria-hidden=\"true\" role=\"presentation\" class=\"field_required\" style=\"color:#ee0000;\">*<\/span><\/label>\r\n\t<div class=\"\">\r\n\t\t<input   required type=\"text\" data-field=\"fld_8395025\" class=\" form-control\" id=\"fld_8395025_1\" name=\"fld_8395025\" value=\"\" data-type=\"text\" aria-required=\"true\"   aria-labelledby=\"fld_8395025Label\" >\t\t\t<\/div>\r\n<\/div>\r\n<\/div><div  class=\"col-sm-4  last_col\"><\/div><\/div><div id=\"CF5a6dfd0a5114c_1-row-4\"  class=\"row \"><div  class=\"col-sm-6  first_col\"><div data-field-wrapper=\"fld_8448553\" class=\"form-group\" id=\"fld_8448553_1-wrap\">\r\n\t<label id=\"fld_8448553Label\" for=\"fld_8448553_1\" class=\"control-label\">Banco <span aria-hidden=\"true\" role=\"presentation\" class=\"field_required\" style=\"color:#ee0000;\">*<\/span><\/label>\r\n\t<div class=\"\">\r\n\t\t<select name=\"fld_8448553\" value=\"\" data-field=\"fld_8448553\" class=\"form-control\" id=\"fld_8448553_1\"  required=\"required\"  aria-labelledby=\"fld_8448553Label\" >\n\t\t<option value=\"\" disabled selected>Selecione<\/option>\t\t\t\t\t<option value=\"0 - Seeb\"  data-calc-value=\"0 - Seeb\" >\n\t\t\t\t\t\t0 - Seeb\t\t\t\t\t<\/option>\n\t\t\t\t\t\t\t\t\t\t<option value=\"1 - Banco Do Brasil\"  data-calc-value=\"1 - Banco Do Brasil\" >\n\t\t\t\t\t\t1 - Banco Do Brasil\t\t\t\t\t<\/option>\n\t\t\t\t\t\t\t\t\t\t<option value=\"2 - Credicenter\"  data-calc-value=\"2 - Credicenter\" >\n\t\t\t\t\t\t2 - Credicenter\t\t\t\t\t<\/option>\n\t\t\t\t\t\t\t\t\t\t<option value=\"3 - Banco Da Amazonia\"  data-calc-value=\"3 - Banco Da Amazonia\" >\n\t\t\t\t\t\t3 - Banco Da Amazonia\t\t\t\t\t<\/option>\n\t\t\t\t\t\t\t\t\t\t<option value=\"8 - Santander Meridional\"  data-calc-value=\"8 - Santander Meridional\" >\n\t\t\t\t\t\t8 - Santander Meridional\t\t\t\t\t<\/option>\n\t\t\t\t\t\t\t\t\t\t<option value=\"22 - Credireal\"  data-calc-value=\"22 - Credireal\" >\n\t\t\t\t\t\t22 - Credireal\t\t\t\t\t<\/option>\n\t\t\t\t\t\t\t\t\t\t<option value=\"25 - Alfa De Investimento\"  data-calc-value=\"25 - Alfa De Investimento\" >\n\t\t\t\t\t\t25 - Alfa De Investimento\t\t\t\t\t<\/option>\n\t\t\t\t\t\t\t\t\t\t<option value=\"29 - Banerj\"  data-calc-value=\"29 - Banerj\" >\n\t\t\t\t\t\t29 - Banerj\t\t\t\t\t<\/option>\n\t\t\t\t\t\t\t\t\t\t<option value=\"33 - Banespa\"  data-calc-value=\"33 - Banespa\" >\n\t\t\t\t\t\t33 - Banespa\t\t\t\t\t<\/option>\n\t\t\t\t\t\t\t\t\t\t<option value=\"38 - Banestado\"  data-calc-value=\"38 - Banestado\" >\n\t\t\t\t\t\t38 - Banestado\t\t\t\t\t<\/option>\n\t\t\t\t\t\t\t\t\t\t<option value=\"48 - Bemge\"  data-calc-value=\"48 - Bemge\" >\n\t\t\t\t\t\t48 - Bemge\t\t\t\t\t<\/option>\n\t\t\t\t\t\t\t\t\t\t<option value=\"59 - Cooperativa Ge-Dako\"  data-calc-value=\"59 - Cooperativa Ge-Dako\" >\n\t\t\t\t\t\t59 - Cooperativa Ge-Dako\t\t\t\t\t<\/option>\n\t\t\t\t\t\t\t\t\t\t<option value=\"100 - Fiat\"  data-calc-value=\"100 - Fiat\" >\n\t\t\t\t\t\t100 - Fiat\t\t\t\t\t<\/option>\n\t\t\t\t\t\t\t\t\t\t<option value=\"104 - Caixa Economica Federal Cef\"  data-calc-value=\"104 - Caixa Economica Federal Cef\" >\n\t\t\t\t\t\t104 - Caixa Economica Federal Cef\t\t\t\t\t<\/option>\n\t\t\t\t\t\t\t\t\t\t<option value=\"109 - Credibanco\"  data-calc-value=\"109 - Credibanco\" >\n\t\t\t\t\t\t109 - Credibanco\t\t\t\t\t<\/option>\n\t\t\t\t\t\t\t\t\t\t<option value=\"130 - Banco Industrial Do Brasil\"  data-calc-value=\"130 - Banco Industrial Do Brasil\" >\n\t\t\t\t\t\t130 - Banco Industrial Do Brasil\t\t\t\t\t<\/option>\n\t\t\t\t\t\t\t\t\t\t<option value=\"151 - Nossa Caixa\"  data-calc-value=\"151 - Nossa Caixa\" >\n\t\t\t\t\t\t151 - Nossa Caixa\t\t\t\t\t<\/option>\n\t\t\t\t\t\t\t\t\t\t<option value=\"164 - Ccf Ag Centro\"  data-calc-value=\"164 - Ccf Ag Centro\" >\n\t\t\t\t\t\t164 - Ccf Ag Centro\t\t\t\t\t<\/option>\n\t\t\t\t\t\t\t\t\t\t<option value=\"184 - Itau Bba\"  data-calc-value=\"184 - Itau Bba\" >\n\t\t\t\t\t\t184 - Itau Bba\t\t\t\t\t<\/option>\n\t\t\t\t\t\t\t\t\t\t<option value=\"185 - Credivista\"  data-calc-value=\"185 - Credivista\" >\n\t\t\t\t\t\t185 - Credivista\t\t\t\t\t<\/option>\n\t\t\t\t\t\t\t\t\t\t<option value=\"200 - Abc Brasil\"  data-calc-value=\"200 - Abc Brasil\" >\n\t\t\t\t\t\t200 - Abc Brasil\t\t\t\t\t<\/option>\n\t\t\t\t\t\t\t\t\t\t<option value=\"206 - Martinelli Ag Campinas\"  data-calc-value=\"206 - Martinelli Ag Campinas\" >\n\t\t\t\t\t\t206 - Martinelli Ag Campinas\t\t\t\t\t<\/option>\n\t\t\t\t\t\t\t\t\t\t<option value=\"210 - Dresdner\"  data-calc-value=\"210 - Dresdner\" >\n\t\t\t\t\t\t210 - Dresdner\t\t\t\t\t<\/option>\n\t\t\t\t\t\t\t\t\t\t<option value=\"214 - Dibens\"  data-calc-value=\"214 - Dibens\" >\n\t\t\t\t\t\t214 - Dibens\t\t\t\t\t<\/option>\n\t\t\t\t\t\t\t\t\t\t<option value=\"224 - Banco Fibra\"  data-calc-value=\"224 - Banco Fibra\" >\n\t\t\t\t\t\t224 - Banco Fibra\t\t\t\t\t<\/option>\n\t\t\t\t\t\t\t\t\t\t<option value=\"230 - Banco Bandeirantes\"  data-calc-value=\"230 - Banco Bandeirantes\" >\n\t\t\t\t\t\t230 - Banco Bandeirantes\t\t\t\t\t<\/option>\n\t\t\t\t\t\t\t\t\t\t<option value=\"231 - Boa Vista\"  data-calc-value=\"231 - Boa Vista\" >\n\t\t\t\t\t\t231 - Boa Vista\t\t\t\t\t<\/option>\n\t\t\t\t\t\t\t\t\t\t<option value=\"233 - Mappin Ag Campinas\"  data-calc-value=\"233 - Mappin Ag Campinas\" >\n\t\t\t\t\t\t233 - Mappin Ag Campinas\t\t\t\t\t<\/option>\n\t\t\t\t\t\t\t\t\t\t<option value=\"237 - Bradesco\"  data-calc-value=\"237 - Bradesco\" >\n\t\t\t\t\t\t237 - Bradesco\t\t\t\t\t<\/option>\n\t\t\t\t\t\t\t\t\t\t<option value=\"244 - Cidade\"  data-calc-value=\"244 - Cidade\" >\n\t\t\t\t\t\t244 - Cidade\t\t\t\t\t<\/option>\n\t\t\t\t\t\t\t\t\t\t<option value=\"254 - Paranabanco Ag Campinas\"  data-calc-value=\"254 - Paranabanco Ag Campinas\" >\n\t\t\t\t\t\t254 - Paranabanco Ag Campinas\t\t\t\t\t<\/option>\n\t\t\t\t\t\t\t\t\t\t<option value=\"267 - Banco Da Bahia\"  data-calc-value=\"267 - Banco Da Bahia\" >\n\t\t\t\t\t\t267 - Banco Da Bahia\t\t\t\t\t<\/option>\n\t\t\t\t\t\t\t\t\t\t<option value=\"275 - Abn Anro Real\"  data-calc-value=\"275 - Abn Anro Real\" >\n\t\t\t\t\t\t275 - Abn Anro Real\t\t\t\t\t<\/option>\n\t\t\t\t\t\t\t\t\t\t<option value=\"282 - Bbc\"  data-calc-value=\"282 - Bbc\" >\n\t\t\t\t\t\t282 - Bbc\t\t\t\t\t<\/option>\n\t\t\t\t\t\t\t\t\t\t<option value=\"291 - Bcn\"  data-calc-value=\"291 - Bcn\" >\n\t\t\t\t\t\t291 - Bcn\t\t\t\t\t<\/option>\n\t\t\t\t\t\t\t\t\t\t<option value=\"300 - Finaustria Comp.Cred.Fin.E Inv\"  data-calc-value=\"300 - Finaustria Comp.Cred.Fin.E Inv\" >\n\t\t\t\t\t\t300 - Finaustria Comp.Cred.Fin.E Inv\t\t\t\t\t<\/option>\n\t\t\t\t\t\t\t\t\t\t<option value=\"302 - Progresso Ag Centro\"  data-calc-value=\"302 - Progresso Ag Centro\" >\n\t\t\t\t\t\t302 - Progresso Ag Centro\t\t\t\t\t<\/option>\n\t\t\t\t\t\t\t\t\t\t<option value=\"314 - Comind\"  data-calc-value=\"314 - Comind\" >\n\t\t\t\t\t\t314 - Comind\t\t\t\t\t<\/option>\n\t\t\t\t\t\t\t\t\t\t<option value=\"318 - Bmg\"  data-calc-value=\"318 - Bmg\" >\n\t\t\t\t\t\t318 - Bmg\t\t\t\t\t<\/option>\n\t\t\t\t\t\t\t\t\t\t<option value=\"320 - Banco Industrial Comercial\"  data-calc-value=\"320 - Banco Industrial Comercial\" >\n\t\t\t\t\t\t320 - Banco Industrial Comercial\t\t\t\t\t<\/option>\n\t\t\t\t\t\t\t\t\t\t<option value=\"341 - Itau\"  data-calc-value=\"341 - Itau\" >\n\t\t\t\t\t\t341 - Itau\t\t\t\t\t<\/option>\n\t\t\t\t\t\t\t\t\t\t<option value=\"346 - Bfb\"  data-calc-value=\"346 - Bfb\" >\n\t\t\t\t\t\t346 - Bfb\t\t\t\t\t<\/option>\n\t\t\t\t\t\t\t\t\t\t<option value=\"347 - Sudameris\"  data-calc-value=\"347 - Sudameris\" >\n\t\t\t\t\t\t347 - Sudameris\t\t\t\t\t<\/option>\n\t\t\t\t\t\t\t\t\t\t<option value=\"351 - Bozano\"  data-calc-value=\"351 - Bozano\" >\n\t\t\t\t\t\t351 - Bozano\t\t\t\t\t<\/option>\n\t\t\t\t\t\t\t\t\t\t<option value=\"353 - Santander Brasil\"  data-calc-value=\"353 - Santander Brasil\" >\n\t\t\t\t\t\t353 - Santander Brasil\t\t\t\t\t<\/option>\n\t\t\t\t\t\t\t\t\t\t<option value=\"354 - Coop. Hosp.Vera Cruz\"  data-calc-value=\"354 - Coop. Hosp.Vera Cruz\" >\n\t\t\t\t\t\t354 - Coop. Hosp.Vera Cruz\t\t\t\t\t<\/option>\n\t\t\t\t\t\t\t\t\t\t<option value=\"356 - Real\"  data-calc-value=\"356 - Real\" >\n\t\t\t\t\t\t356 - Real\t\t\t\t\t<\/option>\n\t\t\t\t\t\t\t\t\t\t<option value=\"366 - Sogeral\"  data-calc-value=\"366 - Sogeral\" >\n\t\t\t\t\t\t366 - Sogeral\t\t\t\t\t<\/option>\n\t\t\t\t\t\t\t\t\t\t<option value=\"369 \u2013 Digibanco\"  data-calc-value=\"369 \u2013 Digibanco\" >\n\t\t\t\t\t\t369 \u2013 Digibanco\t\t\t\t\t<\/option>\n\t\t\t\t\t\t\t\t\t\t<option value=\"370 - Europeu\"  data-calc-value=\"370 - Europeu\" >\n\t\t\t\t\t\t370 - Europeu\t\t\t\t\t<\/option>\n\t\t\t\t\t\t\t\t\t\t<option value=\"372 - Itamarati Ag Campinas\"  data-calc-value=\"372 - Itamarati Ag Campinas\" >\n\t\t\t\t\t\t372 - Itamarati Ag Campinas\t\t\t\t\t<\/option>\n\t\t\t\t\t\t\t\t\t\t<option value=\"388 - Bmd\"  data-calc-value=\"388 - Bmd\" >\n\t\t\t\t\t\t388 - Bmd\t\t\t\t\t<\/option>\n\t\t\t\t\t\t\t\t\t\t<option value=\"389 - Banco Mercantil Do Brasil\"  data-calc-value=\"389 - Banco Mercantil Do Brasil\" >\n\t\t\t\t\t\t389 - Banco Mercantil Do Brasil\t\t\t\t\t<\/option>\n\t\t\t\t\t\t\t\t\t\t<option value=\"392 - Banco Mercantil S\u00e3o Paulo\"  data-calc-value=\"392 - Banco Mercantil S\u00e3o Paulo\" >\n\t\t\t\t\t\t392 - Banco Mercantil S\u00e3o Paulo\t\t\t\t\t<\/option>\n\t\t\t\t\t\t\t\t\t\t<option value=\"394 - Bmc\"  data-calc-value=\"394 - Bmc\" >\n\t\t\t\t\t\t394 - Bmc\t\t\t\t\t<\/option>\n\t\t\t\t\t\t\t\t\t\t<option value=\"399 - Hsbc Bank\"  data-calc-value=\"399 - Hsbc Bank\" >\n\t\t\t\t\t\t399 - Hsbc Bank\t\t\t\t\t<\/option>\n\t\t\t\t\t\t\t\t\t\t<option value=\"409 - Unibanco\"  data-calc-value=\"409 - Unibanco\" >\n\t\t\t\t\t\t409 - Unibanco\t\t\t\t\t<\/option>\n\t\t\t\t\t\t\t\t\t\t<option value=\"415 - Nacional\"  data-calc-value=\"415 - Nacional\" >\n\t\t\t\t\t\t415 - Nacional\t\t\t\t\t<\/option>\n\t\t\t\t\t\t\t\t\t\t<option value=\"420 - Banorte\"  data-calc-value=\"420 - Banorte\" >\n\t\t\t\t\t\t420 - Banorte\t\t\t\t\t<\/option>\n\t\t\t\t\t\t\t\t\t\t<option value=\"422 - Banco Safra\"  data-calc-value=\"422 - Banco Safra\" >\n\t\t\t\t\t\t422 - Banco Safra\t\t\t\t\t<\/option>\n\t\t\t\t\t\t\t\t\t\t<option value=\"424 - Santander Brasil\"  data-calc-value=\"424 - Santander Brasil\" >\n\t\t\t\t\t\t424 - Santander Brasil\t\t\t\t\t<\/option>\n\t\t\t\t\t\t\t\t\t\t<option value=\"453 - Banco Rural\"  data-calc-value=\"453 - Banco Rural\" >\n\t\t\t\t\t\t453 - Banco Rural\t\t\t\t\t<\/option>\n\t\t\t\t\t\t\t\t\t\t<option value=\"466 - Banco Tokio Mitsubishi\"  data-calc-value=\"466 - Banco Tokio Mitsubishi\" >\n\t\t\t\t\t\t466 - Banco Tokio Mitsubishi\t\t\t\t\t<\/option>\n\t\t\t\t\t\t\t\t\t\t<option value=\"472 - Lloyds Bank Internacional S\/A\"  data-calc-value=\"472 - Lloyds Bank Internacional S\/A\" >\n\t\t\t\t\t\t472 - Lloyds Bank Internacional S\/A\t\t\t\t\t<\/option>\n\t\t\t\t\t\t\t\t\t\t<option value=\"479 - Bankboston Boston\"  data-calc-value=\"479 - Bankboston Boston\" >\n\t\t\t\t\t\t479 - Bankboston Boston\t\t\t\t\t<\/option>\n\t\t\t\t\t\t\t\t\t\t<option value=\"480 - Banco Wachovia\"  data-calc-value=\"480 - Banco Wachovia\" >\n\t\t\t\t\t\t480 - Banco Wachovia\t\t\t\t\t<\/option>\n\t\t\t\t\t\t\t\t\t\t<option value=\"483 - Agrimisa\"  data-calc-value=\"483 - Agrimisa\" >\n\t\t\t\t\t\t483 - Agrimisa\t\t\t\t\t<\/option>\n\t\t\t\t\t\t\t\t\t\t<option value=\"487 - Deustche Ag Centro\"  data-calc-value=\"487 - Deustche Ag Centro\" >\n\t\t\t\t\t\t487 - Deustche Ag Centro\t\t\t\t\t<\/option>\n\t\t\t\t\t\t\t\t\t\t<option value=\"500 - Financiadora Mesbla\"  data-calc-value=\"500 - Financiadora Mesbla\" >\n\t\t\t\t\t\t500 - Financiadora Mesbla\t\t\t\t\t<\/option>\n\t\t\t\t\t\t\t\t\t\t<option value=\"604 - Leasing Gm Pb Campinas\"  data-calc-value=\"604 - Leasing Gm Pb Campinas\" >\n\t\t\t\t\t\t604 - Leasing Gm Pb Campinas\t\t\t\t\t<\/option>\n\t\t\t\t\t\t\t\t\t\t<option value=\"637 - Banco Sofisa\"  data-calc-value=\"637 - Banco Sofisa\" >\n\t\t\t\t\t\t637 - Banco Sofisa\t\t\t\t\t<\/option>\n\t\t\t\t\t\t\t\t\t\t<option value=\"639 - Big641 - Bilbao Viscaya A B\"  data-calc-value=\"639 - Big641 - Bilbao Viscaya A B\" >\n\t\t\t\t\t\t639 - Big641 - Bilbao Viscaya A B\t\t\t\t\t<\/option>\n\t\t\t\t\t\t\t\t\t\t<option value=\"643 - Banco Pine\"  data-calc-value=\"643 - Banco Pine\" >\n\t\t\t\t\t\t643 - Banco Pine\t\t\t\t\t<\/option>\n\t\t\t\t\t\t\t\t\t\t<option value=\"653 - Indusval\"  data-calc-value=\"653 - Indusval\" >\n\t\t\t\t\t\t653 - Indusval\t\t\t\t\t<\/option>\n\t\t\t\t\t\t\t\t\t\t<option value=\"655 - B V Financeira\"  data-calc-value=\"655 - B V Financeira\" >\n\t\t\t\t\t\t655 - B V Financeira\t\t\t\t\t<\/option>\n\t\t\t\t\t\t\t\t\t\t<option value=\"656 - Votorantin\"  data-calc-value=\"656 - Votorantin\" >\n\t\t\t\t\t\t656 - Votorantin\t\t\t\t\t<\/option>\n\t\t\t\t\t\t\t\t\t\t<option value=\"707 - Daycoval\"  data-calc-value=\"707 - Daycoval\" >\n\t\t\t\t\t\t707 - Daycoval\t\t\t\t\t<\/option>\n\t\t\t\t\t\t\t\t\t\t<option value=\"741 - Credibel\"  data-calc-value=\"741 - Credibel\" >\n\t\t\t\t\t\t741 - Credibel\t\t\t\t\t<\/option>\n\t\t\t\t\t\t\t\t\t\t<option value=\"745 - Citibank\"  data-calc-value=\"745 - Citibank\" >\n\t\t\t\t\t\t745 - Citibank\t\t\t\t\t<\/option>\n\t\t\t\t\t\t\t\t\t\t<option value=\"794 - Coop Rhodia\"  data-calc-value=\"794 - Coop Rhodia\" >\n\t\t\t\t\t\t794 - Coop Rhodia\t\t\t\t\t<\/option>\n\t\t\t\t\t\t\t\t\t\t<option value=\"800 - Credisan\"  data-calc-value=\"800 - Credisan\" >\n\t\t\t\t\t\t800 - Credisan\t\t\t\t\t<\/option>\n\t\t\t\t\t\t\t\t\t\t<option value=\"901 - Banco Frances E Brasileiro\"  data-calc-value=\"901 - Banco Frances E Brasileiro\" >\n\t\t\t\t\t\t901 - Banco Frances E Brasileiro\t\t\t\t\t<\/option>\n\t\t\t\t\t\t\t\t\t\t<option value=\"902 - Banco Noroeste\"  data-calc-value=\"902 - Banco Noroeste\" >\n\t\t\t\t\t\t902 - Banco Noroeste\t\t\t\t\t<\/option>\n\t\t\t\t\t\t\t\t\t\t<option value=\"906 - F. Barreto\"  data-calc-value=\"906 - F. Barreto\" >\n\t\t\t\t\t\t906 - F. Barreto\t\t\t\t\t<\/option>\n\t\t\t\t\t\t\t\t\t\t<option value=\"907 - Bamerindus\"  data-calc-value=\"907 - Bamerindus\" >\n\t\t\t\t\t\t907 - Bamerindus\t\t\t\t\t<\/option>\n\t\t\t\t\t\t\t\t\t\t<option value=\"908 - Am\u00e9rica Do Sul\"  data-calc-value=\"908 - Am\u00e9rica Do Sul\" >\n\t\t\t\t\t\t908 - Am\u00e9rica Do Sul\t\t\t\t\t<\/option>\n\t\t\t\t\t\t\t\t\t\t<option value=\"909 - Econ\u00f4mico\"  data-calc-value=\"909 - Econ\u00f4mico\" >\n\t\t\t\t\t\t909 - Econ\u00f4mico\t\t\t\t\t<\/option>\n\t\t\t\t\t\t\t\t\t\t<option value=\"912 - Banco Geral Do Com\u00e9rcio\"  data-calc-value=\"912 - Banco Geral Do Com\u00e9rcio\" >\n\t\t\t\t\t\t912 - Banco Geral Do Com\u00e9rcio\t\t\t\t\t<\/option>\n\t\t\t\t\t\t\t\t\t\t<option value=\"913 - Itamarati\"  data-calc-value=\"913 - Itamarati\" >\n\t\t\t\t\t\t913 - Itamarati\t\t\t\t\t<\/option>\n\t\t\t\t\t\t\t\t\t\t<option value=\"914 - Fenicia\"  data-calc-value=\"914 - Fenicia\" >\n\t\t\t\t\t\t914 - Fenicia\t\t\t\t\t<\/option>\n\t\t\t\t\t\t\t\t\t\t<option value=\"915 - Multiplic\"  data-calc-value=\"915 - Multiplic\" >\n\t\t\t\t\t\t915 - Multiplic\t\t\t\t\t<\/option>\n\t\t\t\t\t\t\t\t\t\t<option value=\"995 - Abbc\"  data-calc-value=\"995 - Abbc\" >\n\t\t\t\t\t\t995 - Abbc\t\t\t\t\t<\/option>\n\t\t\t\t\t\t\t\t\t\t<option value=\"997 - Asbace\"  data-calc-value=\"997 - Asbace\" >\n\t\t\t\t\t\t997 - Asbace\t\t\t\t\t<\/option>\n\t\t\t\t\t\t\t\t\t\t<option value=\"1011 - Coop Cred Mult Sev Marg Jud Fe\"  data-calc-value=\"1011 - Coop Cred Mult Sev Marg Jud Fe\" >\n\t\t\t\t\t\t1011 - Coop Cred Mult Sev Marg Jud Fe\t\t\t\t\t<\/option>\n\t\t\t\t\t\t\t\t\t\t<option value=\"10001 - Transpev Proc.De Serv.Ltda\"  data-calc-value=\"10001 - Transpev Proc.De Serv.Ltda\" >\n\t\t\t\t\t\t10001 - Transpev Proc.De Serv.Ltda\t\t\t\t\t<\/option>\n\t\t\t\t\t\t\t\t\t\t<option value=\"10002 - Service Bank Serv. Tec. E Repr\"  data-calc-value=\"10002 - Service Bank Serv. Tec. E Repr\" >\n\t\t\t\t\t\t10002 - Service Bank Serv. Tec. E Repr\t\t\t\t\t<\/option>\n\t\t\t\t\t\t\t\t\t\t<option value=\"10003 - Sicredi Leste Paulista\"  data-calc-value=\"10003 - Sicredi Leste Paulista\" >\n\t\t\t\t\t\t10003 - Sicredi Leste Paulista\t\t\t\t\t<\/option>\n\t\t\t\t\t\t\t\t\t\t<option value=\"10004 - Prossegur Ag Campinas\"  data-calc-value=\"10004 - Prossegur Ag Campinas\" >\n\t\t\t\t\t\t10004 - Prossegur Ag Campinas\t\t\t\t\t<\/option>\n\t\t\t\t\t\t\t\t\t\t<option value=\"10005 - Panamericano Ag Campinas\"  data-calc-value=\"10005 - Panamericano Ag Campinas\" >\n\t\t\t\t\t\t10005 - Panamericano Ag Campinas\t\t\t\t\t<\/option>\n\t\t\t\t\t\t\t\t\t\t<option value=\"10006 - Coop. Unicred\"  data-calc-value=\"10006 - Coop. Unicred\" >\n\t\t\t\t\t\t10006 - Coop. Unicred\t\t\t\t\t<\/option>\n\t\t\t\t\t\t\t\t\t\t<option value=\"10007 - Excel Cred Fin E Inv\"  data-calc-value=\"10007 - Excel Cred Fin E Inv\" >\n\t\t\t\t\t\t10007 - Excel Cred Fin E Inv\t\t\t\t\t<\/option>\n\t\t\t\t\t\t\t\t\t\t<option value=\"10009 - Progresso\"  data-calc-value=\"10009 - Progresso\" >\n\t\t\t\t\t\t10009 - Progresso\t\t\t\t\t<\/option>\n\t\t\t\t\t\t\t\t\t\t<option value=\"10010 - Cecm Dos Func. De Villa Metals\"  data-calc-value=\"10010 - Cecm Dos Func. De Villa Metals\" >\n\t\t\t\t\t\t10010 - Cecm Dos Func. De Villa Metals\t\t\t\t\t<\/option>\n\t\t\t\t\t\t\t<\/select>\n\t\t\t<\/div>\r\n<\/div>\r\n<\/div><div  class=\"col-sm-6  last_col\"><div data-field-wrapper=\"fld_2636356\" class=\"form-group\" id=\"fld_2636356_1-wrap\">\r\n\t<label id=\"fld_2636356Label\" for=\"fld_2636356_1\" class=\"control-label\">Depto ou Ag\u00eancia (c\u00f3digo) <span aria-hidden=\"true\" role=\"presentation\" class=\"field_required\" style=\"color:#ee0000;\">*<\/span><\/label>\r\n\t<div class=\"\">\r\n\t\t<input   required type=\"text\" data-field=\"fld_2636356\" class=\" form-control\" id=\"fld_2636356_1\" name=\"fld_2636356\" value=\"\" data-type=\"text\" aria-required=\"true\"   aria-labelledby=\"fld_2636356Label\" >\t\t\t<\/div>\r\n<\/div>\r\n<\/div><\/div><div id=\"CF5a6dfd0a5114c_1-row-5\"  class=\"row \"><div  class=\"col-sm-6  first_col\"><div data-field-wrapper=\"fld_5833602\" class=\"form-group\" id=\"fld_5833602_1-wrap\">\r\n\t<label id=\"fld_5833602Label\" for=\"fld_5833602_1\" class=\"control-label\">Matr\u00edcula Funcional <span aria-hidden=\"true\" role=\"presentation\" class=\"field_required\" style=\"color:#ee0000;\">*<\/span><\/label>\r\n\t<div class=\"\">\r\n\t\t<input   required type=\"text\" data-field=\"fld_5833602\" class=\" form-control\" id=\"fld_5833602_1\" name=\"fld_5833602\" value=\"\" data-type=\"text\" aria-required=\"true\"   aria-labelledby=\"fld_5833602Label\" >\t\t\t<\/div>\r\n<\/div>\r\n<\/div><div  class=\"col-sm-6  last_col\"><div data-field-wrapper=\"fld_6522754\" class=\"form-group\" id=\"fld_6522754_1-wrap\">\r\n\t<label id=\"fld_6522754Label\" for=\"fld_6522754_1\" class=\"control-label\">Cargo <span aria-hidden=\"true\" role=\"presentation\" class=\"field_required\" style=\"color:#ee0000;\">*<\/span><\/label>\r\n\t<div class=\"\">\r\n\t\t<input   required type=\"text\" data-field=\"fld_6522754\" class=\" form-control\" id=\"fld_6522754_1\" name=\"fld_6522754\" value=\"\" data-type=\"text\" aria-required=\"true\"   aria-labelledby=\"fld_6522754Label\" >\t\t\t<\/div>\r\n<\/div>\r\n<\/div><\/div><div id=\"CF5a6dfd0a5114c_1-row-6\"  class=\"row \"><div  class=\"col-sm-12  single\"><hr id=\"fld_7292148_1\" class=\"\" style=\"width: 100%\" \/><div data-field-wrapper=\"fld_7683514\" class=\"form-group\" id=\"fld_7683514_1-wrap\">\r\n\t<label id=\"fld_7683514Label\" for=\"fld_7683514_1\" class=\"control-label\">Observa\u00e7\u00f5es<\/label>\r\n\t<div class=\"\">\r\n\t\t<textarea name=\"fld_7683514\" value=\"\" data-field=\"fld_7683514\" class=\"form-control\" id=\"fld_7683514_1\" rows=\"7\"    aria-labelledby=\"fld_7683514Label\" ><\/textarea>\n\t\t\t<\/div>\r\n<\/div>\r\n<\/div><\/div><div id=\"CF5a6dfd0a5114c_1-row-7\"  class=\"row  last_row\"><div  class=\"col-sm-12  single\"><div data-field-wrapper=\"fld_7908577\" class=\"form-group\" id=\"fld_7908577_1-wrap\">\r\n<div class=\"\">\r\n\t<input  class=\"btn btn-default\" type=\"submit\" name=\"fld_7908577\" id=\"fld_7908577_1\" value=\"Enviar Dados\" data-field=\"fld_7908577\"  >\n<\/div>\r\n<\/div>\r\n\t<input class=\"button_trigger_1\" type=\"hidden\" name=\"fld_7908577\" id=\"fld_7908577_1_btn\" value=\"\" data-field=\"fld_7908577\"  \/>\n<\/div><\/div><\/form>\r\n<\/div>\r\n\n","protected":false},"excerpt":{"rendered":"<p class=\"excerpt\">Cadastre seu celular para receber informa\u00e7\u00f5es via WHATSAPP. Servi\u00e7o Exclusivo para Sindicalizado.<\/p>\n","protected":false},"author":1,"featured_media":0,"parent":0,"menu_order":0,"comment_status":"closed","ping_status":"closed","template":"","meta":{"_et_pb_use_builder":"","_et_pb_old_content":"","_et_gb_content_width":"","footnotes":""},"class_list":["post-2458","page","type-page","status-publish","hentry"],"_links":{"self":[{"href":"https:\/\/sjcbancarios.com.br\/site\/wp-json\/wp\/v2\/pages\/2458","targetHints":{"allow":["GET"]}}],"collection":[{"href":"https:\/\/sjcbancarios.com.br\/site\/wp-json\/wp\/v2\/pages"}],"about":[{"href":"https:\/\/sjcbancarios.com.br\/site\/wp-json\/wp\/v2\/types\/page"}],"author":[{"embeddable":true,"href":"https:\/\/sjcbancarios.com.br\/site\/wp-json\/wp\/v2\/users\/1"}],"replies":[{"embeddable":true,"href":"https:\/\/sjcbancarios.com.br\/site\/wp-json\/wp\/v2\/comments?post=2458"}],"version-history":[{"count":0,"href":"https:\/\/sjcbancarios.com.br\/site\/wp-json\/wp\/v2\/pages\/2458\/revisions"}],"wp:attachment":[{"href":"https:\/\/sjcbancarios.com.br\/site\/wp-json\/wp\/v2\/media?parent=2458"}],"curies":[{"name":"wp","href":"https:\/\/api.w.org\/{rel}","templated":true}]}}