{"id":2435,"date":"2018-01-28T13:56:49","date_gmt":"2018-01-28T15:56:49","guid":{"rendered":"http:\/\/sjcbancarios.com.br\/site\/?page_id=2435"},"modified":"2018-01-28T13:58:16","modified_gmt":"2018-01-28T15:58:16","slug":"subsede-jacarei","status":"publish","type":"page","link":"https:\/\/sjcbancarios.com.br\/site\/subsede-jacarei\/","title":{"rendered":"Subsede Jacare\u00ed"},"content":{"rendered":"<p>Endere\u00e7o: Rua Bar\u00e3o de Jacare\u00ed, 108 &#8211; Jacare\u00ed\/SP<br \/>\n CEP: 12308-001<\/p>\n<p><span style=\"font-size: 20px;\">Telefone: (12) 3951-4388<\/span><br \/>\n Email: <span style=\"color: #ff0000;\"><strong><a style=\"color: #ff0000;\" href=\"mailto:seebjacarei@sjcbancarios.com.br\">seebjacarei@sjcbancarios.com.br<\/a><\/strong><\/span><\/p>\n<hr \/>\n<!-- Widget Shortcode --><div id=\"sow-google-map-3\" class=\"widget widget_sow-google-map widget-shortcode area-arbitrary \"><div\n\t\t\t\n\t\t\tclass=\"so-widget-sow-google-map so-widget-sow-google-map-default-6b23895f316e\"\n\t\t\t\n\t\t>\n<div class=\"sow-google-map-canvas\"\n\tstyle=\"\"\n\tid=\"map-canvas-6e58fd851b990c7b30b197f775e1aabb\"\n\tdata-options=\"{&quot;address&quot;:&quot;Rua Bar\\u00e3o de Jacare\\u00ed, 108 - Jacare\\u00ed - SP - CEP: 12308-001&quot;,&quot;zoom&quot;:18,&quot;mobileZoom&quot;:18,&quot;gestureHandling&quot;:&quot;greedy&quot;,&quot;disableUi&quot;:false,&quot;markerIcon&quot;:false,&quot;markersDraggable&quot;:false,&quot;markerAtCenter&quot;:true,&quot;markerInfoDisplay&quot;:&quot;click&quot;,&quot;markerInfoMultiple&quot;:true,&quot;markerPositions&quot;:false,&quot;mapName&quot;:false,&quot;mapStyles&quot;:false,&quot;directions&quot;:&quot;&quot;,&quot;apiKey&quot;:&quot;AIzaSyDIAA6cNZ8g4fdmqeaJ6cgwMXrBgruvVxY&quot;,&quot;breakpoint&quot;:780,&quot;id&quot;:&quot;69eb97&quot;}\"\n\tdata-fallback-image=\"{&quot;img&quot;:&quot;&quot;}\"><\/div>\n<\/div><\/div><!-- \/Widget Shortcode -->\n","protected":false},"excerpt":{"rendered":"<p class=\"excerpt\">Endere\u00e7o: Rua Bar\u00e3o de Jacare\u00ed, 108 &#8211; Jacare\u00ed\/SP CEP: 12308-001 Telefone: (12) 3951-4388 Email: seebjacarei@sjcbancarios.com.br<\/p>\n","protected":false},"author":1,"featured_media":0,"parent":0,"menu_order":0,"comment_status":"closed","ping_status":"closed","template":"","meta":{"_et_pb_use_builder":"","_et_pb_old_content":"","_et_gb_content_width":"","footnotes":""},"class_list":["post-2435","page","type-page","status-publish","hentry"],"_links":{"self":[{"href":"https:\/\/sjcbancarios.com.br\/site\/wp-json\/wp\/v2\/pages\/2435","targetHints":{"allow":["GET"]}}],"collection":[{"href":"https:\/\/sjcbancarios.com.br\/site\/wp-json\/wp\/v2\/pages"}],"about":[{"href":"https:\/\/sjcbancarios.com.br\/site\/wp-json\/wp\/v2\/types\/page"}],"author":[{"embeddable":true,"href":"https:\/\/sjcbancarios.com.br\/site\/wp-json\/wp\/v2\/users\/1"}],"replies":[{"embeddable":true,"href":"https:\/\/sjcbancarios.com.br\/site\/wp-json\/wp\/v2\/comments?post=2435"}],"version-history":[{"count":0,"href":"https:\/\/sjcbancarios.com.br\/site\/wp-json\/wp\/v2\/pages\/2435\/revisions"}],"wp:attachment":[{"href":"https:\/\/sjcbancarios.com.br\/site\/wp-json\/wp\/v2\/media?parent=2435"}],"curies":[{"name":"wp","href":"https:\/\/api.w.org\/{rel}","templated":true}]}}