{"id":2432,"date":"2018-01-28T13:47:21","date_gmt":"2018-01-28T15:47:21","guid":{"rendered":"http:\/\/sjcbancarios.com.br\/site\/?page_id=2432"},"modified":"2025-02-06T10:19:23","modified_gmt":"2025-02-06T13:19:23","slug":"sede-seeb","status":"publish","type":"page","link":"https:\/\/sjcbancarios.com.br\/site\/sede-seeb\/","title":{"rendered":"SEDE"},"content":{"rendered":"<p>Endere\u00e7o: Av. Dr. M\u00e1rio Galv\u00e3o, 318, Jd. Bela Vista &#8211; S\u00e3o Jos\u00e9 dos Campos\/SP &#8211; CEP: 12209-004<br \/>\n<span style=\"font-size: 16px;\">Telefone: (12) 3943-0660\u00a0 \/ Whatsapp (12) 99106-2036<\/span><br \/>\nEmail: <span style=\"color: #ff0000;\"><strong><a style=\"color: #ff0000;\" href=\"mailto:seebsjc@sjcbancarios.com.br\">seebsjc@sjcbancarios.com.br<\/a><\/strong><\/span><\/p>\n<hr \/>\n<!-- Widget Shortcode --><div id=\"sow-google-map-2\" class=\"widget widget_sow-google-map widget-shortcode area-arbitrary \"><div\n\t\t\t\n\t\t\tclass=\"so-widget-sow-google-map so-widget-sow-google-map-default-6b23895f316e\"\n\t\t\t\n\t\t>\n<div class=\"sow-google-map-canvas\"\n\tstyle=\"\"\n\tid=\"map-canvas-e5ba0aae6532cc71de884c8c757375ed\"\n\tdata-options=\"{&quot;address&quot;:&quot;Av. Dr. M\\u00e1rio Galv\\u00e3o, 318, Jd. Bela Vista - S\\u00e3o Jos\\u00e9 dos Campos - SP - CEP: 12209-004&quot;,&quot;zoom&quot;:18,&quot;mobileZoom&quot;:18,&quot;gestureHandling&quot;:&quot;greedy&quot;,&quot;disableUi&quot;:false,&quot;markerIcon&quot;:false,&quot;markersDraggable&quot;:false,&quot;markerAtCenter&quot;:true,&quot;markerInfoDisplay&quot;:&quot;click&quot;,&quot;markerInfoMultiple&quot;:true,&quot;markerPositions&quot;:false,&quot;mapName&quot;:false,&quot;mapStyles&quot;:false,&quot;directions&quot;:&quot;&quot;,&quot;apiKey&quot;:&quot;AIzaSyDIAA6cNZ8g4fdmqeaJ6cgwMXrBgruvVxY&quot;,&quot;breakpoint&quot;:780,&quot;id&quot;:&quot;69ebdc&quot;}\"\n\tdata-fallback-image=\"{&quot;img&quot;:&quot;&quot;}\"><\/div>\n<\/div><\/div><!-- \/Widget Shortcode -->\n","protected":false},"excerpt":{"rendered":"<p class=\"excerpt\">Endere\u00e7o: Av. Dr. M\u00e1rio Galv\u00e3o, 318, Jd. Bela Vista &#8211; S\u00e3o Jos\u00e9 dos Campos\/SP &#8211; CEP: 12209-004 Telefone: (12) 3943-0660\u00a0 \/ Whatsapp (12) 99106-2036 Email: seebsjc@sjcbancarios.com.br<\/p>\n","protected":false},"author":1,"featured_media":0,"parent":0,"menu_order":0,"comment_status":"closed","ping_status":"closed","template":"","meta":{"_et_pb_use_builder":"","_et_pb_old_content":"","_et_gb_content_width":"","footnotes":""},"class_list":["post-2432","page","type-page","status-publish","hentry"],"_links":{"self":[{"href":"https:\/\/sjcbancarios.com.br\/site\/wp-json\/wp\/v2\/pages\/2432","targetHints":{"allow":["GET"]}}],"collection":[{"href":"https:\/\/sjcbancarios.com.br\/site\/wp-json\/wp\/v2\/pages"}],"about":[{"href":"https:\/\/sjcbancarios.com.br\/site\/wp-json\/wp\/v2\/types\/page"}],"author":[{"embeddable":true,"href":"https:\/\/sjcbancarios.com.br\/site\/wp-json\/wp\/v2\/users\/1"}],"replies":[{"embeddable":true,"href":"https:\/\/sjcbancarios.com.br\/site\/wp-json\/wp\/v2\/comments?post=2432"}],"version-history":[{"count":0,"href":"https:\/\/sjcbancarios.com.br\/site\/wp-json\/wp\/v2\/pages\/2432\/revisions"}],"wp:attachment":[{"href":"https:\/\/sjcbancarios.com.br\/site\/wp-json\/wp\/v2\/media?parent=2432"}],"curies":[{"name":"wp","href":"https:\/\/api.w.org\/{rel}","templated":true}]}}