{"id":222,"date":"2017-12-09T08:57:56","date_gmt":"2017-12-09T10:57:56","guid":{"rendered":"http:\/\/sjcbancarios.com.br\/site\/?page_id=222"},"modified":"2018-04-02T15:36:16","modified_gmt":"2018-04-02T18:36:16","slug":"historia","status":"publish","type":"page","link":"https:\/\/sjcbancarios.com.br\/site\/historia\/","title":{"rendered":"Nossa Historia"},"content":{"rendered":"<p style=\"text-align: justify;\">O Sindicato dos Banc\u00e1rios de S\u00e3o Jos\u00e9 dos Campos e Regi\u00e3o foi fundado em 21 de Janeiro de 1964, nasceu durante os efervescentes anos 60 quando come\u00e7avam as lutas e conquistas da categoria banc\u00e1ria. Na campanha salarial de 1961, configurava-se a terceira maior greve da categoria, chamada \u201cGreve da dignidade\u201d, que resultou em nada menos que 60% de reajuste, fortalecendo a rec\u00e9m-criada Confedera\u00e7\u00e3o Nacional dos Trabalhadores em Empresas de Cr\u00e9dito (Contec, oficializada em 1959) e a mobiliza\u00e7\u00e3o para a aprova\u00e7\u00e3o da Lei 4.090, que instituiu o 13\u00ba sal\u00e1rio. No ano seguinte, organizados em torno da Contec, mais uma vez os sindicatos da categoria partem para a\u00e7\u00f5es unificadas, garantindo direitos como o fim do trabalho aos s\u00e1bados, abonos semestrais nos sal\u00e1rios e anu\u00eanio. Mas, a partir de 1964, o golpe militar fere de morte a organiza\u00e7\u00e3o social brasileira e, ao fechar seu c\u00edrculo opressor com o AI-5, em 1968, atinge duramente os integrantes do movimento sindical, com grande parte de suas lideran\u00e7as presa ou assassinada e interven\u00e7\u00f5es nas entidades.<\/p>\n<p style=\"text-align: justify;\">Com a retomada dos sindicatos no final da d\u00e9cada de 1970, toma posse como presidente do Sindicato Benedito Machado de Siqueira, que passa o mandato em agosto de 1982 para Jos\u00e9 Armando do Amaral e respectivamente para Luiz Carlos Alvarelli que assume a nova presid\u00eancia em agosto de 1985 e segue no mandato at\u00e9 o ano de 1995.<\/p>\n\n\t\t<style type=\"text\/css\">\n\t\t\t#gallery-1 {\n\t\t\t\tmargin: auto;\n\t\t\t}\n\t\t\t#gallery-1 .gallery-item {\n\t\t\t\tfloat: left;\n\t\t\t\tmargin-top: 10px;\n\t\t\t\ttext-align: center;\n\t\t\t\twidth: 33%;\n\t\t\t}\n\t\t\t#gallery-1 img {\n\t\t\t\tborder: 2px solid #cfcfcf;\n\t\t\t}\n\t\t\t#gallery-1 .gallery-caption {\n\t\t\t\tmargin-left: 0;\n\t\t\t}\n\t\t\t\/* see gallery_shortcode() in wp-includes\/media.php *\/\n\t\t<\/style>\n\t\t<div id='gallery-1' class='gallery galleryid-222 gallery-columns-3 gallery-size-medium'><dl class='gallery-item'>\n\t\t\t<dt class='gallery-icon landscape'>\n\t\t\t\t<a href='https:\/\/sjcbancarios.com.br\/site\/wp-content\/uploads\/2017\/12\/institucional_antigas_3.jpg'><img loading=\"lazy\" decoding=\"async\" width=\"433\" height=\"300\" src=\"https:\/\/sjcbancarios.com.br\/site\/wp-content\/uploads\/2017\/12\/institucional_antigas_3-433x300.jpg\" class=\"attachment-medium size-medium\" alt=\"SJC Banc\u00e1rios - Nossa Hist\u00f3ria\" srcset=\"https:\/\/sjcbancarios.com.br\/site\/wp-content\/uploads\/2017\/12\/institucional_antigas_3-433x300.jpg 433w, https:\/\/sjcbancarios.com.br\/site\/wp-content\/uploads\/2017\/12\/institucional_antigas_3-24x17.jpg 24w, https:\/\/sjcbancarios.com.br\/site\/wp-content\/uploads\/2017\/12\/institucional_antigas_3-36x25.jpg 36w, https:\/\/sjcbancarios.com.br\/site\/wp-content\/uploads\/2017\/12\/institucional_antigas_3-48x33.jpg 48w, https:\/\/sjcbancarios.com.br\/site\/wp-content\/uploads\/2017\/12\/institucional_antigas_3-300x208.jpg 300w, https:\/\/sjcbancarios.com.br\/site\/wp-content\/uploads\/2017\/12\/institucional_antigas_3.jpg 705w\" sizes=\"(max-width: 433px) 100vw, 433px\" \/><\/a>\n\t\t\t<\/dt><\/dl><dl class='gallery-item'>\n\t\t\t<dt class='gallery-icon landscape'>\n\t\t\t\t<a href='https:\/\/sjcbancarios.com.br\/site\/wp-content\/uploads\/2017\/12\/institucional_antigas_2.jpg'><img loading=\"lazy\" decoding=\"async\" width=\"433\" height=\"300\" src=\"https:\/\/sjcbancarios.com.br\/site\/wp-content\/uploads\/2017\/12\/institucional_antigas_2-433x300.jpg\" class=\"attachment-medium size-medium\" alt=\"SJC Banc\u00e1rios - Nossa Hist\u00f3ria\" srcset=\"https:\/\/sjcbancarios.com.br\/site\/wp-content\/uploads\/2017\/12\/institucional_antigas_2-433x300.jpg 433w, https:\/\/sjcbancarios.com.br\/site\/wp-content\/uploads\/2017\/12\/institucional_antigas_2-24x17.jpg 24w, https:\/\/sjcbancarios.com.br\/site\/wp-content\/uploads\/2017\/12\/institucional_antigas_2-36x25.jpg 36w, https:\/\/sjcbancarios.com.br\/site\/wp-content\/uploads\/2017\/12\/institucional_antigas_2-48x33.jpg 48w, https:\/\/sjcbancarios.com.br\/site\/wp-content\/uploads\/2017\/12\/institucional_antigas_2-300x208.jpg 300w, https:\/\/sjcbancarios.com.br\/site\/wp-content\/uploads\/2017\/12\/institucional_antigas_2.jpg 705w\" sizes=\"(max-width: 433px) 100vw, 433px\" \/><\/a>\n\t\t\t<\/dt><\/dl><dl class='gallery-item'>\n\t\t\t<dt class='gallery-icon landscape'>\n\t\t\t\t<a href='https:\/\/sjcbancarios.com.br\/site\/wp-content\/uploads\/2017\/12\/institucional_antigas_1.jpg'><img loading=\"lazy\" decoding=\"async\" width=\"433\" height=\"300\" src=\"https:\/\/sjcbancarios.com.br\/site\/wp-content\/uploads\/2017\/12\/institucional_antigas_1-433x300.jpg\" class=\"attachment-medium size-medium\" alt=\"SJC Banc\u00e1rios - Nossa Hist\u00f3ria\" srcset=\"https:\/\/sjcbancarios.com.br\/site\/wp-content\/uploads\/2017\/12\/institucional_antigas_1-433x300.jpg 433w, https:\/\/sjcbancarios.com.br\/site\/wp-content\/uploads\/2017\/12\/institucional_antigas_1-24x17.jpg 24w, https:\/\/sjcbancarios.com.br\/site\/wp-content\/uploads\/2017\/12\/institucional_antigas_1-36x25.jpg 36w, https:\/\/sjcbancarios.com.br\/site\/wp-content\/uploads\/2017\/12\/institucional_antigas_1-48x33.jpg 48w, https:\/\/sjcbancarios.com.br\/site\/wp-content\/uploads\/2017\/12\/institucional_antigas_1-300x208.jpg 300w, https:\/\/sjcbancarios.com.br\/site\/wp-content\/uploads\/2017\/12\/institucional_antigas_1.jpg 705w\" sizes=\"(max-width: 433px) 100vw, 433px\" \/><\/a>\n\t\t\t<\/dt><\/dl><br style=\"clear: both\" \/>\n\t\t<\/div>\n\n<p style=\"text-align: justify;\">Neste mesmo per\u00edodo o Brasil viu nascer o novo sindicalismo brasileiro, que com a acelera\u00e7\u00e3o do processo inflacion\u00e1rio provocava perda mensal de 10% no poder aquisitivo dos banc\u00e1rios. Assim, em 10 de setembro de 1985, acontece a maior greve de banc\u00e1rios j\u00e1 registrada, onde cerca de 500 mil trabalhadores cruzaram os bra\u00e7os.<\/p>\n<p style=\"text-align: justify;\">Ap\u00f3s anos de administra\u00e7\u00f5es turbulentas e ap\u00f3s uma elei\u00e7\u00e3o tumultuada, em agosto de 1995, toma posse uma nova diretoria, presidida por Antonio Florestan da Silva que passa seu mandato em Agosto de 1997 para Maria de Lourdes de Oliveira, que presidiu o sindicato at\u00e9 agosto de 2015, quando assumiu o atual presidente do sindicato Geraldo Soares dos Santos.<\/p>\n<p style=\"text-align: justify;\">Esta nova diretoria ficou marcada pela renova\u00e7\u00e3o, com garra para fazer a diferen\u00e7a, transformou um Sindicato quase falido e desacreditado, numa entidade com credibilidade, for\u00e7a e trabalho.<\/p>\n<p style=\"text-align: justify;\">No ano 2000 o Sindicato de maneira pioneira se uniu a policia militar e civil e criou a \u201cComiss\u00e3o de Seguran\u00e7a Banc\u00e1ria\u201d com o objetivo de diminuir os assaltos e seq\u00fcestros da nossa regi\u00e3o. Esta parceria contribuiu para equipar a policia, promover palestras com especialistas em seq\u00fcestros, cobrar dos bancos mais seguran\u00e7a e assist\u00eancia psicol\u00f3gica e o resultado foi \u00e0 redu\u00e7\u00e3o dr\u00e1stica de 22 ocorr\u00eancias de seq\u00fcestros em 2000 para 04 em 2002. Hoje, v\u00e1rios sindicatos desenvolvem este trabalho nas suas bases.<\/p>\n<p style=\"text-align: justify;\">Al\u00e9m da forte atua\u00e7\u00e3o na luta pelos direitos da categoria, esta diretoria sempre esteve preocupada em oferecer aos banc\u00e1rios benef\u00edcios que contribu\u00edssem para uma melhor qualidade de vida.<\/p>\n<div id=\"attachment_167\" style=\"width: 220px\" class=\"wp-caption alignleft\"><a href=\"http:\/\/sjcbancarios.com.br\/site\/wp-content\/uploads\/2017\/12\/sede_nova.jpg\"><img loading=\"lazy\" decoding=\"async\" aria-describedby=\"caption-attachment-167\" class=\"wp-image-167\" title=\"Nova Sede SJCBANC\u00c1RIOS de S\u00e3o Jos\u00e9 dos Campos e Regi\u00e3o\" src=\"http:\/\/sjcbancarios.com.br\/site\/wp-content\/uploads\/2017\/12\/sede_nova.jpg\" alt=\"Nova Sede SJCBANC\u00c1RIOS de S\u00e3o Jos\u00e9 dos Campos e Regi\u00e3o\" width=\"210\" height=\"298\" srcset=\"https:\/\/sjcbancarios.com.br\/site\/wp-content\/uploads\/2017\/12\/sede_nova.jpg 370w, https:\/\/sjcbancarios.com.br\/site\/wp-content\/uploads\/2017\/12\/sede_nova-211x300.jpg 211w, https:\/\/sjcbancarios.com.br\/site\/wp-content\/uploads\/2017\/12\/sede_nova-17x24.jpg 17w, https:\/\/sjcbancarios.com.br\/site\/wp-content\/uploads\/2017\/12\/sede_nova-25x36.jpg 25w, https:\/\/sjcbancarios.com.br\/site\/wp-content\/uploads\/2017\/12\/sede_nova-34x48.jpg 34w\" sizes=\"(max-width: 210px) 100vw, 210px\" \/><\/a><p id=\"caption-attachment-167\" class=\"wp-caption-text\">Nova Sede do Sindicato dos Banc\u00e1rios<\/p><\/div>\n<p style=\"text-align: justify;\">Transformamos uma ch\u00e1cara com um mero campo de futebol em um dos clubes mais bonitos da cidade e hoje, o banc\u00e1rio pode desfrutar de horas agrad\u00e1veis, nas piscinas, churrasqueiras, campo de futebol, lago para pesca e ainda usufruir de um sal\u00e3o de festas completo, com infra-estrutura para 300 pessoas.<\/p>\n<p style=\"text-align: justify;\">Mantemos conv\u00eanios com escolas, universidades, cursos de p\u00f3s gradua\u00e7\u00e3o, e outras empresas que atuam nos mais diferentes ramos, oferecendo descontos especiais aos banc\u00e1rios sindicalizados.<\/p>\n<p style=\"text-align: justify;\">Todos os anos em homenagem ao dia do banc\u00e1rio, \u00e9 realizada uma grande festa de comemora\u00e7\u00e3o, o evento re\u00fane cerca de 2000 pessoas que aproveitam o dia para reencontrar os amigos e saborear um delicioso churrasco, oferecido com carinho pela diretoria.<\/p>\n<p style=\"text-align: justify;\">E o nosso empenho em melhorar cada vez mais as condi\u00e7\u00f5es de vida do banc\u00e1rio n\u00e3o p\u00e1ra por a\u00ed, reinauguramos no dia 24 de Janeiro de 2011 nossa sede, mais ampla, para maior qualidade no atendimento aos banc\u00e1rios da nossa regi\u00e3o.<\/p>\n<p style=\"text-align: justify;\">\u00c9 certo que, ainda h\u00e1 muito para ser realizado, por\u00e9m estamos convictos que com muito trabalho e uni\u00e3o continuaremos firmes na luta, n\u00e3o s\u00f3 para garantir e preservar direitos, mas principalmente para conquistar o que merecemos na parte da riqueza que ajudamos a construir.<\/p>\n","protected":false},"excerpt":{"rendered":"<p class=\"excerpt\">O Sindicato dos Banc\u00e1rios de S\u00e3o Jos\u00e9 dos Campos e Regi\u00e3o foi fundado em 21 de Janeiro de 1964, nasceu durante os efervescentes anos 60 quando come\u00e7avam as lutas e conquistas da categoria banc\u00e1ria. Na campanha salarial de 1961, configurava-se a terceira maior greve da categoria, chamada \u201cGreve da dignidade\u201d, que resultou em nada menos [&hellip;]<\/p>\n","protected":false},"author":1,"featured_media":0,"parent":0,"menu_order":0,"comment_status":"closed","ping_status":"closed","template":"","meta":{"_et_pb_use_builder":"","_et_pb_old_content":"","_et_gb_content_width":"","footnotes":""},"class_list":["post-222","page","type-page","status-publish","hentry"],"_links":{"self":[{"href":"https:\/\/sjcbancarios.com.br\/site\/wp-json\/wp\/v2\/pages\/222","targetHints":{"allow":["GET"]}}],"collection":[{"href":"https:\/\/sjcbancarios.com.br\/site\/wp-json\/wp\/v2\/pages"}],"about":[{"href":"https:\/\/sjcbancarios.com.br\/site\/wp-json\/wp\/v2\/types\/page"}],"author":[{"embeddable":true,"href":"https:\/\/sjcbancarios.com.br\/site\/wp-json\/wp\/v2\/users\/1"}],"replies":[{"embeddable":true,"href":"https:\/\/sjcbancarios.com.br\/site\/wp-json\/wp\/v2\/comments?post=222"}],"version-history":[{"count":0,"href":"https:\/\/sjcbancarios.com.br\/site\/wp-json\/wp\/v2\/pages\/222\/revisions"}],"wp:attachment":[{"href":"https:\/\/sjcbancarios.com.br\/site\/wp-json\/wp\/v2\/media?parent=222"}],"curies":[{"name":"wp","href":"https:\/\/api.w.org\/{rel}","templated":true}]}}